{"id":1102,"date":"2025-06-02T22:53:58","date_gmt":"2025-06-02T22:53:58","guid":{"rendered":"https:\/\/ipsa-consorcio.com\/?page_id=1102"},"modified":"2025-06-18T16:43:06","modified_gmt":"2025-06-18T16:43:06","slug":"nadf-005-ambt-2013","status":"publish","type":"page","link":"https:\/\/ipsa-consorcio.com\/index.php\/nadf-005-ambt-2013\/","title":{"rendered":"Estudio de Ruido Perimetral NADF-005"},"content":{"rendered":"\t\t<div data-elementor-type=\"wp-page\" data-elementor-id=\"1102\" class=\"elementor elementor-1102\" data-elementor-post-type=\"page\">\n\t\t\t\t<div class=\"elementor-element elementor-element-e49b4f2 e-con-full e-flex e-con e-parent\" data-id=\"e49b4f2\" data-element_type=\"container\">\n\t\t\t\t<div class=\"elementor-element elementor-element-674db2f elementor--h-position-center elementor--v-position-middle elementor-arrows-position-inside elementor-pagination-position-inside elementor-widget elementor-widget-slides\" data-id=\"674db2f\" data-element_type=\"widget\" data-settings=\"{&quot;navigation&quot;:&quot;both&quot;,&quot;autoplay&quot;:&quot;yes&quot;,&quot;pause_on_hover&quot;:&quot;yes&quot;,&quot;pause_on_interaction&quot;:&quot;yes&quot;,&quot;autoplay_speed&quot;:5000,&quot;infinite&quot;:&quot;yes&quot;,&quot;transition&quot;:&quot;slide&quot;,&quot;transition_speed&quot;:500}\" data-widget_type=\"slides.default\">\n\t\t\t\t<div class=\"elementor-widget-container\">\n\t\t\t\t\t\t\t\t\t<div class=\"elementor-swiper\">\n\t\t\t\t\t<div class=\"elementor-slides-wrapper elementor-main-swiper swiper\" role=\"region\" aria-roledescription=\"carousel\" aria-label=\"Diapositivas\" dir=\"ltr\" data-animation=\"fadeInUp\">\n\t\t\t\t<div class=\"swiper-wrapper elementor-slides\">\n\t\t\t\t\t\t\t\t\t\t<div class=\"elementor-repeater-item-0c060de swiper-slide\" role=\"group\" aria-roledescription=\"slide\"><div class=\"swiper-slide-bg\" role=\"img\"><\/div><div class=\"swiper-slide-inner\" ><div class=\"swiper-slide-contents\"><div class=\"elementor-slide-heading\">Estudio de Ruido Perimetral<\/div><div class=\"elementor-slide-description\">Evaluamos el ruido perimetral seg\u00fan la NADF-005-AMBT-2013, ayud\u00e1ndote a cumplir la norma, evitar multas y cuidar tu relaci\u00f3n con la comunidad.<\/div><a href=\"https:\/\/ipsa-consorcio.com\/wp-content\/uploads\/2025\/06\/PADLA-2025.pdf\" target=\"_blank\" class=\"elementor-button elementor-slide-button elementor-size-sm\">Revisar Registro<\/a><\/div><\/div><\/div>\t\t\t\t<\/div>\n\t\t\t\t\t\t\t<\/div>\n\t\t\t\t<\/div>\n\t\t\t\t\t\t\t\t<\/div>\n\t\t\t\t<\/div>\n\t\t\t\t<\/div>\n\t\t<div class=\"elementor-element elementor-element-1de23e1 e-flex e-con-boxed e-con e-parent\" data-id=\"1de23e1\" data-element_type=\"container\">\n\t\t\t\t\t<div class=\"e-con-inner\">\n\t\t<div class=\"elementor-element elementor-element-1b05a2e e-con-full e-flex e-con e-child\" data-id=\"1b05a2e\" data-element_type=\"container\">\n\t\t\t\t<div class=\"elementor-element elementor-element-f1ce25e elementor-widget elementor-widget-spacer\" data-id=\"f1ce25e\" data-element_type=\"widget\" data-widget_type=\"spacer.default\">\n\t\t\t\t<div class=\"elementor-widget-container\">\n\t\t\t\t\t\t\t<div class=\"elementor-spacer\">\n\t\t\t<div class=\"elementor-spacer-inner\"><\/div>\n\t\t<\/div>\n\t\t\t\t\t\t<\/div>\n\t\t\t\t<\/div>\n\t\t\t\t<div class=\"elementor-element elementor-element-1eb30fe elementor-widget elementor-widget-image-box\" data-id=\"1eb30fe\" data-element_type=\"widget\" data-widget_type=\"image-box.default\">\n\t\t\t\t<div class=\"elementor-widget-container\">\n\t\t\t\t\t<div class=\"elementor-image-box-wrapper\"><div class=\"elementor-image-box-content\"><h3 class=\"elementor-image-box-title\">NUESTRA EXPERIENCIA EN NADF-005-AMBT-2013<\/h3><p class=\"elementor-image-box-description\">En <b>IPSA<\/b> Consorcio realizamos estudios profesionales de <b>Ruido Perimetral<\/b> para verificar si los niveles emitidos por tu negocio est\u00e1n dentro de los rangos permitidos por la norma.<br><br>Trabajamos bajo la <b>NADF-005-AMBT-2013 <\/b>que establece los l\u00edmites de emisi\u00f3n sonora permitidos en la Ciudad de M\u00e9xico, con el fin de evitar molestias a la comunidad y proteger el entorno urbano.\n<br><br>\n<b>\u00bfQu\u00e9 incluye nuestro estudio?<br><br>\n\n1. Reconocimiento del predio<br><\/b><br>\nIdentificamos zonas cr\u00edticas, fuentes generadoras de ruido y puntos de conflicto en las colindancias.<br><br>\n\n<b>2. Evaluaci\u00f3n con son\u00f3metro<br><\/b><br>\nMedimos en zonas de mayor emisi\u00f3n sonora y puntos estrat\u00e9gicos, incluyendo sitios de denuncia, comparando con el ruido de fondo para un an\u00e1lisis preciso.<br>\n<br>\n<b> 3. Reporte t\u00e9cnico<br><\/b><br>\nEntregamos un informe completo con resultados, evidencias y recomendaciones, listo para presentarse ante autoridades.<br>\n<br>\n<b>Conf\u00eda en IPSA Consorcio para garantizar que tus emisiones sonoras no sean un problema. Cumple con la norma y cuida tu entorno.<\/b><\/p><\/div><\/div>\t\t\t\t<\/div>\n\t\t\t\t<\/div>\n\t\t\t\t<\/div>\n\t\t\t\t<div class=\"elementor-element elementor-element-d3e6d47 elementor-widget elementor-widget-spacer\" data-id=\"d3e6d47\" data-element_type=\"widget\" data-widget_type=\"spacer.default\">\n\t\t\t\t<div class=\"elementor-widget-container\">\n\t\t\t\t\t\t\t<div class=\"elementor-spacer\">\n\t\t\t<div class=\"elementor-spacer-inner\"><\/div>\n\t\t<\/div>\n\t\t\t\t\t\t<\/div>\n\t\t\t\t<\/div>\n\t\t<div class=\"elementor-element elementor-element-ca76d00 e-con-full e-flex e-con e-child\" data-id=\"ca76d00\" data-element_type=\"container\">\n\t\t\t\t<div class=\"elementor-element elementor-element-811f553 elementor-widget elementor-widget-spacer\" data-id=\"811f553\" data-element_type=\"widget\" data-widget_type=\"spacer.default\">\n\t\t\t\t<div class=\"elementor-widget-container\">\n\t\t\t\t\t\t\t<div class=\"elementor-spacer\">\n\t\t\t<div class=\"elementor-spacer-inner\"><\/div>\n\t\t<\/div>\n\t\t\t\t\t\t<\/div>\n\t\t\t\t<\/div>\n\t\t\t\t<div class=\"elementor-element elementor-element-6acb504 elementor-button-align-center elementor-widget elementor-widget-form\" data-id=\"6acb504\" data-element_type=\"widget\" data-settings=\"{&quot;button_width&quot;:&quot;80&quot;,&quot;step_next_label&quot;:&quot;Siguiente&quot;,&quot;step_previous_label&quot;:&quot;Anterior&quot;,&quot;step_type&quot;:&quot;number_text&quot;,&quot;step_icon_shape&quot;:&quot;circle&quot;}\" data-widget_type=\"form.default\">\n\t\t\t\t<div class=\"elementor-widget-container\">\n\t\t\t\t\t\t\t<form class=\"elementor-form\" method=\"post\" name=\"Nuevo formulario\">\n\t\t\t<input type=\"hidden\" name=\"post_id\" value=\"1102\"\/>\n\t\t\t<input type=\"hidden\" name=\"form_id\" value=\"6acb504\"\/>\n\t\t\t<input type=\"hidden\" name=\"referer_title\" value=\"\" \/>\n\n\t\t\t\n\t\t\t<div class=\"elementor-form-fields-wrapper elementor-labels-above\">\n\t\t\t\t\t\t\t\t<div class=\"elementor-field-type-text elementor-field-group elementor-column elementor-field-group-name elementor-col-40 elementor-field-required elementor-mark-required\">\n\t\t\t\t\t\t\t\t\t\t\t\t<label for=\"form-field-name\" class=\"elementor-field-label\">\n\t\t\t\t\t\t\t\tNombre\t\t\t\t\t\t\t<\/label>\n\t\t\t\t\t\t\t\t\t\t\t\t\t\t<input size=\"1\" type=\"text\" name=\"form_fields[name]\" id=\"form-field-name\" class=\"elementor-field elementor-size-sm  elementor-field-textual\" required=\"required\">\n\t\t\t\t\t\t\t\t\t\t\t<\/div>\n\t\t\t\t\t\t\t\t<div class=\"elementor-field-type-text elementor-field-group elementor-column elementor-field-group-field_e17c13f elementor-col-40 elementor-field-required elementor-mark-required\">\n\t\t\t\t\t\t\t\t\t\t\t\t<label for=\"form-field-field_e17c13f\" class=\"elementor-field-label\">\n\t\t\t\t\t\t\t\tApellidos\t\t\t\t\t\t\t<\/label>\n\t\t\t\t\t\t\t\t\t\t\t\t\t\t<input size=\"1\" type=\"text\" name=\"form_fields[field_e17c13f]\" id=\"form-field-field_e17c13f\" class=\"elementor-field elementor-size-sm  elementor-field-textual\" required=\"required\">\n\t\t\t\t\t\t\t\t\t\t\t<\/div>\n\t\t\t\t\t\t\t\t<div class=\"elementor-field-type-tel elementor-field-group elementor-column elementor-field-group-field_3669d3c elementor-col-80 elementor-field-required elementor-mark-required\">\n\t\t\t\t\t\t\t\t\t\t\t\t<label for=\"form-field-field_3669d3c\" class=\"elementor-field-label\">\n\t\t\t\t\t\t\t\tTel\u00e9fono\t\t\t\t\t\t\t<\/label>\n\t\t\t\t\t\t\t\t<input size=\"1\" type=\"tel\" name=\"form_fields[field_3669d3c]\" id=\"form-field-field_3669d3c\" class=\"elementor-field elementor-size-sm  elementor-field-textual\" required=\"required\" pattern=\"[0-9()#&amp;+*-=.]+\" title=\"Solo se aceptan n\u00fameros y caracteres de tel\u00e9fono (#,-,*,etc).\">\n\n\t\t\t\t\t\t<\/div>\n\t\t\t\t\t\t\t\t<div class=\"elementor-field-type-email elementor-field-group elementor-column elementor-field-group-field_ca9accd elementor-col-80 elementor-field-required elementor-mark-required\">\n\t\t\t\t\t\t\t\t\t\t\t\t<label for=\"form-field-field_ca9accd\" class=\"elementor-field-label\">\n\t\t\t\t\t\t\t\tEmail\t\t\t\t\t\t\t<\/label>\n\t\t\t\t\t\t\t\t\t\t\t\t\t\t<input size=\"1\" type=\"email\" name=\"form_fields[field_ca9accd]\" id=\"form-field-field_ca9accd\" class=\"elementor-field elementor-size-sm  elementor-field-textual\" required=\"required\">\n\t\t\t\t\t\t\t\t\t\t\t<\/div>\n\t\t\t\t\t\t\t\t<div class=\"elementor-field-type-text elementor-field-group elementor-column elementor-field-group-field_6d9b0a8 elementor-col-80 elementor-field-required elementor-mark-required\">\n\t\t\t\t\t\t\t\t\t\t\t\t<label for=\"form-field-field_6d9b0a8\" class=\"elementor-field-label\">\n\t\t\t\t\t\t\t\t\u00bfQu\u00e9 duda desea aclarar?\t\t\t\t\t\t\t<\/label>\n\t\t\t\t\t\t\t\t\t\t\t\t\t\t<input size=\"1\" type=\"text\" name=\"form_fields[field_6d9b0a8]\" id=\"form-field-field_6d9b0a8\" class=\"elementor-field elementor-size-sm  elementor-field-textual\" required=\"required\">\n\t\t\t\t\t\t\t\t\t\t\t<\/div>\n\t\t\t\t\t\t\t\t<div class=\"elementor-field-type-text elementor-field-group elementor-column elementor-field-group-message elementor-col-80 elementor-field-required elementor-mark-required\">\n\t\t\t\t\t\t\t\t\t\t\t\t<label for=\"form-field-message\" class=\"elementor-field-label\">\n\t\t\t\t\t\t\t\tMensaje\t\t\t\t\t\t\t<\/label>\n\t\t\t\t\t\t\t\t\t\t\t\t\t\t<input size=\"1\" type=\"text\" name=\"form_fields[message]\" id=\"form-field-message\" class=\"elementor-field elementor-size-sm  elementor-field-textual\" required=\"required\">\n\t\t\t\t\t\t\t\t\t\t\t<\/div>\n\t\t\t\t\t\t\t\t<div class=\"elementor-field-group elementor-column elementor-field-type-submit elementor-col-80 e-form__buttons\">\n\t\t\t\t\t<button class=\"elementor-button elementor-size-sm\" type=\"submit\">\n\t\t\t\t\t\t<span class=\"elementor-button-content-wrapper\">\n\t\t\t\t\t\t\t\t\t\t\t\t\t\t\t\t\t\t\t\t\t\t<span class=\"elementor-button-text\">Enviar<\/span>\n\t\t\t\t\t\t\t\t\t\t\t\t\t<\/span>\n\t\t\t\t\t<\/button>\n\t\t\t\t<\/div>\n\t\t\t<\/div>\n\t\t<\/form>\n\t\t\t\t\t\t<\/div>\n\t\t\t\t<\/div>\n\t\t\t\t<div class=\"elementor-element elementor-element-5e8f576 elementor-widget elementor-widget-spacer\" data-id=\"5e8f576\" data-element_type=\"widget\" data-widget_type=\"spacer.default\">\n\t\t\t\t<div class=\"elementor-widget-container\">\n\t\t\t\t\t\t\t<div class=\"elementor-spacer\">\n\t\t\t<div class=\"elementor-spacer-inner\"><\/div>\n\t\t<\/div>\n\t\t\t\t\t\t<\/div>\n\t\t\t\t<\/div>\n\t\t\t\t<\/div>\n\t\t\t\t\t<\/div>\n\t\t\t\t<\/div>\n\t\t\t\t<\/div>\n\t\t","protected":false},"excerpt":{"rendered":"<p>Estudio de Ruido PerimetralEvaluamos el ruido perimetral seg\u00fan la NADF-005-AMBT-2013, ayud\u00e1ndote a cumplir la norma, evitar multas y cuidar tu relaci\u00f3n con la comunidad.Revisar Registro NUESTRA EXPERIENCIA EN NADF-005-AMBT-2013 En IPSA Consorcio realizamos estudios profesionales de Ruido Perimetral para verificar si los niveles emitidos por tu negocio est\u00e1n dentro de los rangos permitidos por la &#8230; <a title=\"Estudio de Ruido Perimetral NADF-005\" class=\"read-more\" href=\"https:\/\/ipsa-consorcio.com\/index.php\/nadf-005-ambt-2013\/\" aria-label=\"Leer m\u00e1s sobre Estudio de Ruido Perimetral NADF-005\">Leer m\u00e1s<\/a><\/p>\n","protected":false},"author":1,"featured_media":0,"parent":0,"menu_order":0,"comment_status":"closed","ping_status":"closed","template":"","meta":{"footnotes":""},"class_list":["post-1102","page","type-page","status-publish"],"_links":{"self":[{"href":"https:\/\/ipsa-consorcio.com\/index.php\/wp-json\/wp\/v2\/pages\/1102","targetHints":{"allow":["GET"]}}],"collection":[{"href":"https:\/\/ipsa-consorcio.com\/index.php\/wp-json\/wp\/v2\/pages"}],"about":[{"href":"https:\/\/ipsa-consorcio.com\/index.php\/wp-json\/wp\/v2\/types\/page"}],"author":[{"embeddable":true,"href":"https:\/\/ipsa-consorcio.com\/index.php\/wp-json\/wp\/v2\/users\/1"}],"replies":[{"embeddable":true,"href":"https:\/\/ipsa-consorcio.com\/index.php\/wp-json\/wp\/v2\/comments?post=1102"}],"version-history":[{"count":57,"href":"https:\/\/ipsa-consorcio.com\/index.php\/wp-json\/wp\/v2\/pages\/1102\/revisions"}],"predecessor-version":[{"id":2274,"href":"https:\/\/ipsa-consorcio.com\/index.php\/wp-json\/wp\/v2\/pages\/1102\/revisions\/2274"}],"wp:attachment":[{"href":"https:\/\/ipsa-consorcio.com\/index.php\/wp-json\/wp\/v2\/media?parent=1102"}],"curies":[{"name":"wp","href":"https:\/\/api.w.org\/{rel}","templated":true}]}}