{"id":1134,"date":"2025-06-03T16:12:34","date_gmt":"2025-06-03T16:12:34","guid":{"rendered":"https:\/\/ipsa-consorcio.com\/?page_id=1134"},"modified":"2025-06-09T20:25:07","modified_gmt":"2025-06-09T20:25:07","slug":"aviso-de-privacidad","status":"publish","type":"page","link":"https:\/\/ipsa-consorcio.com\/index.php\/aviso-de-privacidad\/","title":{"rendered":"Aviso de Privacidad"},"content":{"rendered":"\t\t<div data-elementor-type=\"wp-page\" data-elementor-id=\"1134\" class=\"elementor elementor-1134\" data-elementor-post-type=\"page\">\n\t\t\t\t<div class=\"elementor-element elementor-element-0ba7f1e e-con-full e-flex e-con e-parent\" data-id=\"0ba7f1e\" data-element_type=\"container\">\n\t\t<div class=\"elementor-element elementor-element-cb2a848 e-con-full e-flex e-con e-child\" data-id=\"cb2a848\" data-element_type=\"container\">\n\t\t\t\t<div class=\"elementor-element elementor-element-a703aa2 elementor--h-position-center elementor--v-position-middle elementor-arrows-position-inside elementor-pagination-position-inside elementor-widget elementor-widget-slides\" data-id=\"a703aa2\" data-element_type=\"widget\" data-settings=\"{&quot;navigation&quot;:&quot;both&quot;,&quot;autoplay&quot;:&quot;yes&quot;,&quot;pause_on_hover&quot;:&quot;yes&quot;,&quot;pause_on_interaction&quot;:&quot;yes&quot;,&quot;autoplay_speed&quot;:5000,&quot;infinite&quot;:&quot;yes&quot;,&quot;transition&quot;:&quot;slide&quot;,&quot;transition_speed&quot;:500}\" data-widget_type=\"slides.default\">\n\t\t\t\t<div class=\"elementor-widget-container\">\n\t\t\t\t\t\t\t\t\t<div class=\"elementor-swiper\">\n\t\t\t\t\t<div class=\"elementor-slides-wrapper elementor-main-swiper swiper\" role=\"region\" aria-roledescription=\"carousel\" aria-label=\"Diapositivas\" dir=\"ltr\" data-animation=\"fadeInUp\">\n\t\t\t\t<div class=\"swiper-wrapper elementor-slides\">\n\t\t\t\t\t\t\t\t\t\t<div class=\"elementor-repeater-item-5b2e47a swiper-slide\" role=\"group\" aria-roledescription=\"slide\"><div class=\"swiper-slide-bg\" role=\"img\"><\/div><div class=\"swiper-slide-inner\" ><div class=\"swiper-slide-contents\"><\/div><\/div><\/div>\t\t\t\t<\/div>\n\t\t\t\t\t\t\t<\/div>\n\t\t\t\t<\/div>\n\t\t\t\t\t\t\t\t<\/div>\n\t\t\t\t<\/div>\n\t\t\t\t<\/div>\n\t\t\t\t<div class=\"elementor-element elementor-element-bb2b8dd elementor-widget elementor-widget-image-box\" data-id=\"bb2b8dd\" data-element_type=\"widget\" data-widget_type=\"image-box.default\">\n\t\t\t\t<div class=\"elementor-widget-container\">\n\t\t\t\t\t<div class=\"elementor-image-box-wrapper\"><div class=\"elementor-image-box-content\"><h3 class=\"elementor-image-box-title\">Aviso de Privacidad<\/h3><p class=\"elementor-image-box-description\">IPSA Consorcio de Ingenier\u00eda en Proyectos y Servicios Ambientales, S.C., mejor conocido como IPSA, con domicilio en calle Vid #179, colonia Nueva Santa Mar\u00eda, Ciudad de M\u00e9xico, delegaci\u00f3n Azcapotzalco, C.P. 02800, y portal de internet www.ipsa-consorcio.com, es el responsable del uso y protecci\u00f3n de sus datos personales, y al respecto le informamos lo siguiente: \n\n<br><br>\n\u00bfPara qu\u00e9 fines utilizaremos sus datos personales? \n<br><br>\n\nLos datos personales que recabamos de usted, los utilizaremos para las siguientes finalidades que son necesarias para el servicio que solicita: \n\n<br><br>\n\u2022 Prestaci\u00f3n de servicios de laboratorio de ensayo.\n<br><br>\n\n\u2022 Notificaci\u00f3n de reportes ante autoridades.\n\n<br><br>\n\u2022 Facturaci\u00f3n y cobranza de servicios.\n\n<br><br>\n\u2022 Realizaci\u00f3n de pagos.\n\n<br><br>\n\u2022 Resguardo de registros para seguimiento a servicios posteriores y en general para dar seguimiento a cualquier relaci\u00f3n contractual.\n\n<br><br>\n\u2022 Informar a los clientes sobre implementaci\u00f3n o cambios en los servicios, promociones, realizar estudios de mercado, as\u00ed como para cualquier actividad tendiente a promover, mantener, mejorar y evaluar la satisfacci\u00f3n del cliente.\n<br><br>\n\nDe manera adicional, utilizaremos su informaci\u00f3n personal para las siguientes finalidades secundarias que no son necesarias para el servicio solicitado, pero que nos permiten y facilitan brindarle una mejor atenci\u00f3n:\n<br><br>\n\n\u2022 Mercadotecnia o publicitaria<br><br>\n\n\n\u2022 Prospecci\u00f3n comercial<br><br>\n\n\nEn caso de que no desee que sus datos personales se utilicen para estos fines secundarios, ind\u00edquelo a continuaci\u00f3n:<br><br>\n\n\nNo consiento que mis datos personales se utilicen para los siguientes fines:<br><br>\n\n\n[  ] Mercadotecnia o publicitaria <br><br>\n\n\n[  ] Prospecci\u00f3n comercial <br><br>\n\n\nLa negativa para el uso de sus datos personales para estas finalidades no podr\u00e1 ser un motivo para que le neguemos los servicios y productos que solicita o contrata con nosotros.<br><br>\n\n\n\u00bfQu\u00e9 datos personales utilizaremos para estos fines? <br><br>\n\n\nPara llevar a cabo las finalidades descritas en el presente aviso de privacidad, utilizaremos los siguientes datos personales:<br><br>\n\n\n\u2022 Nombre o Raz\u00f3n Social<br><br>\n\n\n\u2022 Firma aut\u00f3grafa<br><br>\n\n\n\u2022 Puesto o cargo que desempe\u00f1a<br><br>\n\n\n\u2022 Domicilio de trabajo<br><br>\n\n\n\u2022 Correo electr\u00f3nico institucional<br><br>\n\n\n\u2022 Tel\u00e9fono institucional<br>\n<br>\n\n\u2022 Datos de identificaci\u00f3n<br>\n<br>\n\n\u2022 Datos de contacto<br><br>\n\u2022 Datos laborales<br><br>\n\n\u2022 Datos fiscales<br><br>\n\n\u00bfC\u00f3mo puede acceder, rectificar o cancelar sus datos personales, u oponerse a su uso? <br><br>\n\n\nUsted tiene derecho a conocer qu\u00e9 datos personales tenemos de usted, para qu\u00e9 los utilizamos y las condiciones del uso que les damos (Acceso). Asimismo, es su derecho solicitar la correcci\u00f3n de su informaci\u00f3n personal en caso de que est\u00e9 desactualizada, sea inexacta o incompleta (Rectificaci\u00f3n); que la eliminemos de nuestros registros o bases de datos cuando considere que la misma no est\u00e1 siendo utilizada adecuadamente (Cancelaci\u00f3n); as\u00ed como oponerse al uso de sus datos personales para fines espec\u00edficos (Oposici\u00f3n). Estos derechos se conocen como derechos ARCO.<br><br>\n\n\nPara el ejercicio de cualquiera de los derechos ARCO, usted deber\u00e1 presentar la solicitud respectiva a trav\u00e9s del siguiente medio: <br><br>\n\n\nLlamando al n\u00famero telef\u00f3nico 55 58 71 79 81 de la Ciudad de M\u00e9xico. <br><br>\n\n\nCon relaci\u00f3n al procedimiento y requisitos para el ejercicio de sus derechos ARCO, le solicitamos lo siguiente:<br><br>\n\n\na) Nombre del titular, tel\u00e9fono y\/o correo electr\u00f3nico para comunicarle la respuesta de su solicitud<br><br>\n\n\nb) Documentos que acrediten la identidad o, en su caso, la representaci\u00f3n legal del titular.<br><br>\n\n\nc) La solicitud deber\u00e1 contener la descripci\u00f3n clara y precisa de los datos personales respecto de los que busca ejercer alguno de los derechos antes mencionados.<br><br>\n\n\nd) Le daremos respuesta a su solicitud en m\u00e1ximo 5 d\u00edas h\u00e1biles.<br><br>\n\n\ne) Comunicaremos la respuesta a su solicitud v\u00eda correo electr\u00f3nico.<br><br>\n\n\ng) Para mayor informaci\u00f3n sobre el procedimiento, ponemos a disposici\u00f3n:<br><br>\n\n\nV\u00eda telef\u00f3nica 55 58717981 en la Ciudad de M\u00e9xico.<br><br>\n\n\nLos datos de contacto de la persona o departamento de datos personales, que est\u00e1 a cargo de dar tr\u00e1mite a las solicitudes de derechos ARCO, son los siguientes: <br><br>\n\n\na) Nombre de la persona o departamento de datos personales: Alma Berenice Pantale\u00f3n Cort\u00e9s<br><br>\n\n\nb) Domicilio: calle Vid 179, colonia Nueva Santa Mar\u00eda, Ciudad M\u00e9xico, delegaci\u00f3n Azcapotzalco, C.P. 02800. <br><br>\n\n\nc) Correo electr\u00f3nico: calidad@ipsa-consorcio.com.mx<br><br>\n\n\nd) N\u00famero telef\u00f3nico: 0155-58717981<br><br>\n\n\nOtro dato de contacto: proyectos@ipsa-consorcio.com.mx<br><br>\n\n\nUsted puede revocar su consentimiento para el uso de sus datos personales.<br><br>\n\n\nUsted puede revocar el consentimiento que, en su caso, nos haya otorgado para el tratamiento de sus datos personales. Sin embargo, es importante que tenga en cuenta que no en todos los casos podremos atender su solicitud o concluir el uso de forma inmediata, ya que es posible que por alguna obligaci\u00f3n legal requiramos seguir tratando sus datos personales. Asimismo, usted deber\u00e1 considerar que para ciertos fines, la revocaci\u00f3n de su consentimiento implicar\u00e1 que no le podamos seguir prestando el servicio que nos solicit\u00f3, o la conclusi\u00f3n de su relaci\u00f3n con nosotros.<br><br>\n\n\nPara revocar su consentimiento deber\u00e1 presentar su solicitud por correo electr\u00f3nico a  calidad@ipsa-consorcio.com.mx <br><br>\n\nCon relaci\u00f3n al procedimiento y requisitos para la revocaci\u00f3n de su consentimiento, le solicitamos lo siguiente:<br><br>\n\n\na) Nombre del titular, tel\u00e9fono y\/o correo electr\u00f3nico para comunicarle la respuesta de su solicitud<br><br>\n\n\nb) Documentos que acrediten la identidad o, en su caso, la representaci\u00f3n legal del titular.<br><br>\n\n\nc) La solicitud deber\u00e1 contener la descripci\u00f3n clara y precisa de los datos personales de los cuales solicita la revocaci\u00f3n<br><br>\n\n\nd) Le daremos respuesta a su solicitud en m\u00e1ximo 5 d\u00edas h\u00e1biles.<br><br>\n\n\ne) Comunicaremos la respuesta a su solicitud v\u00eda correo electr\u00f3nico.<br><br>\n\n\ng) Para mayor informaci\u00f3n sobre el procedimiento, ponemos a disposici\u00f3n:<br><br>\n\n\nv\u00eda telef\u00f3nica 58717981 en la Ciudad de M\u00e9xico.<br><br>\n\n\n\u00bfC\u00f3mo puede limitar el uso o divulgaci\u00f3n de su informaci\u00f3n personal? <br><br>\n\n\nCon objeto de que usted pueda limitar el uso y divulgaci\u00f3n de su informaci\u00f3n personal, le ofrecemos nos lo haga saber v\u00eda correo electr\u00f3nico: calidad@ipsa-consorcio.com.mx  para notificar la exclusi\u00f3n de correos promocionales.<br><br>\n\n\n\u00bfC\u00f3mo puede conocer los cambios en este aviso de privacidad?<br><br>\n\n\nEl presente aviso de privacidad puede sufrir modificaciones, cambios o actualizaciones derivadas de nuevos requerimientos legales; de nuestras propias necesidades por los productos o servicios que ofrecemos; de nuestras pr\u00e1cticas de privacidad; de cambios en nuestro modelo de negocio, o por otras causas.<br><br>\n\n\nNos comprometemos a mantenerlo informado sobre los cambios que pueda sufrir el presente aviso de privacidad, a trav\u00e9s de: nuestra p\u00e1gina web. (www.ipsa-consorcio.com)<br><br>\n\n\nEl procedimiento a trav\u00e9s del cual se llevar\u00e1n a cabo las notificaciones sobre cambios o actualizaciones al presente aviso de privacidad es el siguiente: <br><br>\n\n\nSe actualizar\u00e1 la p\u00e1gina web y se invitar\u00e1 a los clientes a visitar y leer nuestro aviso de privacidad mediante un correo electr\u00f3nico.<br><br>\n\n\n\u00daltima actualizaci\u00f3n: 06\/01\/2025<br><br><br>\n\nConsentimiento<br><br><br>\nNombre y Firma:<br><br><br>\t \nFecha:<br><br><br>\t \n<\/p><\/div><\/div>\t\t\t\t<\/div>\n\t\t\t\t<\/div>\n\t\t\t\t<\/div>\n\t\t\t\t<\/div>\n\t\t","protected":false},"excerpt":{"rendered":"<p>Aviso de Privacidad IPSA Consorcio de Ingenier\u00eda en Proyectos y Servicios Ambientales, S.C., mejor conocido como IPSA, con domicilio en calle Vid #179, colonia Nueva Santa Mar\u00eda, Ciudad de M\u00e9xico, delegaci\u00f3n Azcapotzalco, C.P. 02800, y portal de internet www.ipsa-consorcio.com, es el responsable del uso y protecci\u00f3n de sus datos personales, y al respecto le informamos &#8230; <a title=\"Aviso de Privacidad\" class=\"read-more\" href=\"https:\/\/ipsa-consorcio.com\/index.php\/aviso-de-privacidad\/\" aria-label=\"Leer m\u00e1s sobre Aviso de Privacidad\">Leer m\u00e1s<\/a><\/p>\n","protected":false},"author":1,"featured_media":0,"parent":0,"menu_order":0,"comment_status":"closed","ping_status":"closed","template":"","meta":{"footnotes":""},"class_list":["post-1134","page","type-page","status-publish"],"_links":{"self":[{"href":"https:\/\/ipsa-consorcio.com\/index.php\/wp-json\/wp\/v2\/pages\/1134","targetHints":{"allow":["GET"]}}],"collection":[{"href":"https:\/\/ipsa-consorcio.com\/index.php\/wp-json\/wp\/v2\/pages"}],"about":[{"href":"https:\/\/ipsa-consorcio.com\/index.php\/wp-json\/wp\/v2\/types\/page"}],"author":[{"embeddable":true,"href":"https:\/\/ipsa-consorcio.com\/index.php\/wp-json\/wp\/v2\/users\/1"}],"replies":[{"embeddable":true,"href":"https:\/\/ipsa-consorcio.com\/index.php\/wp-json\/wp\/v2\/comments?post=1134"}],"version-history":[{"count":31,"href":"https:\/\/ipsa-consorcio.com\/index.php\/wp-json\/wp\/v2\/pages\/1134\/revisions"}],"predecessor-version":[{"id":1830,"href":"https:\/\/ipsa-consorcio.com\/index.php\/wp-json\/wp\/v2\/pages\/1134\/revisions\/1830"}],"wp:attachment":[{"href":"https:\/\/ipsa-consorcio.com\/index.php\/wp-json\/wp\/v2\/media?parent=1134"}],"curies":[{"name":"wp","href":"https:\/\/api.w.org\/{rel}","templated":true}]}}