{"id":2379,"date":"2025-07-20T18:12:39","date_gmt":"2025-07-20T18:12:39","guid":{"rendered":"https:\/\/ipsa-consorcio.com\/?page_id=2379"},"modified":"2025-07-20T22:06:08","modified_gmt":"2025-07-20T22:06:08","slug":"blog","status":"publish","type":"page","link":"https:\/\/ipsa-consorcio.com\/index.php\/blog\/","title":{"rendered":"Blog"},"content":{"rendered":"\t\t<div data-elementor-type=\"wp-page\" data-elementor-id=\"2379\" class=\"elementor elementor-2379\" data-elementor-post-type=\"page\">\n\t\t\t\t<div class=\"elementor-element elementor-element-5c34590 e-con-full e-flex e-con e-parent\" data-id=\"5c34590\" data-element_type=\"container\" data-settings=\"{&quot;background_background&quot;:&quot;classic&quot;}\">\n\t\t\t\t<\/div>\n\t\t<div class=\"elementor-element elementor-element-265b221 e-flex e-con-boxed e-con e-parent\" data-id=\"265b221\" data-element_type=\"container\">\n\t\t\t\t\t<div class=\"e-con-inner\">\n\t\t<div class=\"elementor-element elementor-element-1ed939a e-con-full e-flex e-con e-child\" data-id=\"1ed939a\" data-element_type=\"container\">\n\t\t\t\t<div class=\"elementor-element elementor-element-2de0dbe elementor-grid-2 elementor-widget__width-inherit elementor-grid-tablet-2 elementor-grid-mobile-1 elementor-posts--thumbnail-top elementor-card-shadow-yes elementor-posts__hover-gradient elementor-widget elementor-widget-posts\" data-id=\"2de0dbe\" data-element_type=\"widget\" data-settings=\"{&quot;cards_columns&quot;:&quot;2&quot;,&quot;cards_row_gap&quot;:{&quot;unit&quot;:&quot;px&quot;,&quot;size&quot;:20,&quot;sizes&quot;:[]},&quot;cards_columns_tablet&quot;:&quot;2&quot;,&quot;cards_columns_mobile&quot;:&quot;1&quot;,&quot;cards_row_gap_tablet&quot;:{&quot;unit&quot;:&quot;px&quot;,&quot;size&quot;:&quot;&quot;,&quot;sizes&quot;:[]},&quot;cards_row_gap_mobile&quot;:{&quot;unit&quot;:&quot;px&quot;,&quot;size&quot;:&quot;&quot;,&quot;sizes&quot;:[]}}\" data-widget_type=\"posts.cards\">\n\t\t\t\t<div class=\"elementor-widget-container\">\n\t\t\t\t\t\t\t<div class=\"elementor-posts-container elementor-posts elementor-posts--skin-cards elementor-grid\">\n\t\t\t\t<article class=\"elementor-post elementor-grid-item post-1 post type-post status-publish format-standard has-post-thumbnail hentry category-ambiente-laboral\">\n\t\t\t<div class=\"elementor-post__card\">\n\t\t\t\t<a class=\"elementor-post__thumbnail__link\" href=\"https:\/\/ipsa-consorcio.com\/index.php\/2025\/05\/25\/2y7oi248pa\/\" tabindex=\"-1\" ><div class=\"elementor-post__thumbnail\"><img fetchpriority=\"high\" decoding=\"async\" width=\"300\" height=\"169\" src=\"https:\/\/ipsa-consorcio.com\/wp-content\/uploads\/2025\/05\/ambiente_laboral_blog-300x169.jpg\" class=\"attachment-medium size-medium wp-image-2415\" alt=\"\" srcset=\"https:\/\/ipsa-consorcio.com\/wp-content\/uploads\/2025\/05\/ambiente_laboral_blog-300x169.jpg 300w, https:\/\/ipsa-consorcio.com\/wp-content\/uploads\/2025\/05\/ambiente_laboral_blog-1024x576.jpg 1024w, https:\/\/ipsa-consorcio.com\/wp-content\/uploads\/2025\/05\/ambiente_laboral_blog-768x432.jpg 768w, https:\/\/ipsa-consorcio.com\/wp-content\/uploads\/2025\/05\/ambiente_laboral_blog-1536x864.jpg 1536w, https:\/\/ipsa-consorcio.com\/wp-content\/uploads\/2025\/05\/ambiente_laboral_blog.jpg 1920w\" sizes=\"(max-width: 300px) 100vw, 300px\" \/><\/div><\/a>\n\t\t\t\t<div class=\"elementor-post__badge\">Ambiente Laboral<\/div>\n\t\t\t\t<div class=\"elementor-post__text\">\n\t\t\t\t<h3 class=\"elementor-post__title\">\n\t\t\t<a href=\"https:\/\/ipsa-consorcio.com\/index.php\/2025\/05\/25\/2y7oi248pa\/\" >\n\t\t\t\t\u00bfQu\u00e9 es un estudio de ambiente laboral?\t\t\t<\/a>\n\t\t<\/h3>\n\t\t\t\t<div class=\"elementor-post__excerpt\">\n\t\t\t<p>\u00bfQu\u00e9 es un estudio de ambiente laboral y por qu\u00e9 lo necesita tu empresa? El ambiente laboral influye directamente en la salud, el desempe\u00f1o y<\/p>\n\t\t<\/div>\n\t\t\n\t\t<a class=\"elementor-post__read-more\" href=\"https:\/\/ipsa-consorcio.com\/index.php\/2025\/05\/25\/2y7oi248pa\/\" aria-label=\"M\u00e1s informaci\u00f3n sobre \u00bfQu\u00e9 es un estudio de ambiente laboral?\" tabindex=\"-1\" >\n\t\t\tLeer m\u00e1s \u00bb\t\t<\/a>\n\n\t\t\t\t<\/div>\n\t\t\t\t<div class=\"elementor-post__meta-data\">\n\t\t\t\t\t<span class=\"elementor-post-date\">\n\t\t\tmayo 25, 2025\t\t<\/span>\n\t\t\t\t<\/div>\n\t\t\t\t\t<\/div>\n\t\t<\/article>\n\t\t\t\t<\/div>\n\t\t\n\t\t\t\t\t\t<\/div>\n\t\t\t\t<\/div>\n\t\t\t\t<\/div>\n\t\t<div class=\"elementor-element elementor-element-e5d483b e-con-full e-flex e-con e-child\" data-id=\"e5d483b\" data-element_type=\"container\">\n\t\t\t\t<\/div>\n\t\t\t\t\t<\/div>\n\t\t\t\t<\/div>\n\t\t\t\t<\/div>\n\t\t","protected":false},"excerpt":{"rendered":"","protected":false},"author":1,"featured_media":0,"parent":0,"menu_order":0,"comment_status":"closed","ping_status":"closed","template":"elementor_header_footer","meta":{"footnotes":""},"class_list":["post-2379","page","type-page","status-publish","hentry"],"_links":{"self":[{"href":"https:\/\/ipsa-consorcio.com\/index.php\/wp-json\/wp\/v2\/pages\/2379","targetHints":{"allow":["GET"]}}],"collection":[{"href":"https:\/\/ipsa-consorcio.com\/index.php\/wp-json\/wp\/v2\/pages"}],"about":[{"href":"https:\/\/ipsa-consorcio.com\/index.php\/wp-json\/wp\/v2\/types\/page"}],"author":[{"embeddable":true,"href":"https:\/\/ipsa-consorcio.com\/index.php\/wp-json\/wp\/v2\/users\/1"}],"replies":[{"embeddable":true,"href":"https:\/\/ipsa-consorcio.com\/index.php\/wp-json\/wp\/v2\/comments?post=2379"}],"version-history":[{"count":52,"href":"https:\/\/ipsa-consorcio.com\/index.php\/wp-json\/wp\/v2\/pages\/2379\/revisions"}],"predecessor-version":[{"id":2456,"href":"https:\/\/ipsa-consorcio.com\/index.php\/wp-json\/wp\/v2\/pages\/2379\/revisions\/2456"}],"wp:attachment":[{"href":"https:\/\/ipsa-consorcio.com\/index.php\/wp-json\/wp\/v2\/media?parent=2379"}],"curies":[{"name":"wp","href":"https:\/\/api.w.org\/{rel}","templated":true}]}}