{"id":326,"date":"2025-05-28T17:01:34","date_gmt":"2025-05-28T17:01:34","guid":{"rendered":"https:\/\/ipsa-consorcio.com\/?page_id=326"},"modified":"2025-11-03T16:30:38","modified_gmt":"2025-11-03T16:30:38","slug":"inicio","status":"publish","type":"page","link":"https:\/\/ipsa-consorcio.com\/index.php\/inicio\/","title":{"rendered":"Nosotros"},"content":{"rendered":"\t\t<div data-elementor-type=\"wp-page\" data-elementor-id=\"326\" class=\"elementor elementor-326\" data-elementor-post-type=\"page\">\n\t\t\t\t<div class=\"elementor-element elementor-element-5ec042e e-con-full e-flex e-con e-parent\" data-id=\"5ec042e\" data-element_type=\"container\">\n\t\t\t\t<div class=\"elementor-element elementor-element-a4bdb0f elementor--h-position-center elementor--v-position-middle elementor-arrows-position-inside elementor-pagination-position-inside elementor-widget elementor-widget-slides\" data-id=\"a4bdb0f\" data-element_type=\"widget\" data-settings=\"{&quot;navigation&quot;:&quot;both&quot;,&quot;autoplay&quot;:&quot;yes&quot;,&quot;pause_on_hover&quot;:&quot;yes&quot;,&quot;pause_on_interaction&quot;:&quot;yes&quot;,&quot;autoplay_speed&quot;:5000,&quot;infinite&quot;:&quot;yes&quot;,&quot;transition&quot;:&quot;slide&quot;,&quot;transition_speed&quot;:500}\" data-widget_type=\"slides.default\">\n\t\t\t\t<div class=\"elementor-widget-container\">\n\t\t\t\t\t\t\t\t\t<div class=\"elementor-swiper\">\n\t\t\t\t\t<div class=\"elementor-slides-wrapper elementor-main-swiper swiper\" role=\"region\" aria-roledescription=\"carousel\" aria-label=\"Diapositivas\" dir=\"ltr\" data-animation=\"fadeInUp\">\n\t\t\t\t<div class=\"swiper-wrapper elementor-slides\">\n\t\t\t\t\t\t\t\t\t\t<div class=\"elementor-repeater-item-9dc152c swiper-slide\" role=\"group\" aria-roledescription=\"slide\"><div class=\"swiper-slide-bg\" role=\"img\"><\/div><div class=\"swiper-slide-inner\" ><div class=\"swiper-slide-contents\"><div class=\"elementor-slide-heading\">IPSA CONSORCIO<\/div><div class=\"elementor-slide-description\">Laboratorio 100% mexicano especializado en ambiente laboral y fuentes fijas. Ofrecemos soluciones t\u00e9cnicas confiables que aseguran el cumplimiento normativo y mejoran el desempe\u00f1o de tu empresa.<\/div><\/div><\/div><\/div>\t\t\t\t<\/div>\n\t\t\t\t\t\t\t<\/div>\n\t\t\t\t<\/div>\n\t\t\t\t\t\t\t\t<\/div>\n\t\t\t\t<\/div>\n\t\t\t\t<div class=\"elementor-element elementor-element-850c9c0 elementor-widget elementor-widget-spacer\" data-id=\"850c9c0\" data-element_type=\"widget\" data-widget_type=\"spacer.default\">\n\t\t\t\t<div class=\"elementor-widget-container\">\n\t\t\t\t\t\t\t<div class=\"elementor-spacer\">\n\t\t\t<div class=\"elementor-spacer-inner\"><\/div>\n\t\t<\/div>\n\t\t\t\t\t\t<\/div>\n\t\t\t\t<\/div>\n\t\t\t\t<\/div>\n\t\t<div class=\"elementor-element elementor-element-9ba4827 e-flex e-con-boxed e-con e-parent\" data-id=\"9ba4827\" data-element_type=\"container\">\n\t\t\t\t\t<div class=\"e-con-inner\">\n\t\t<div class=\"elementor-element elementor-element-688ad48 e-con-full e-flex e-con e-child\" data-id=\"688ad48\" data-element_type=\"container\">\n\t\t\t\t<div class=\"elementor-element elementor-element-8916c8d elementor-widget elementor-widget-video\" data-id=\"8916c8d\" data-element_type=\"widget\" data-settings=\"{&quot;video_type&quot;:&quot;hosted&quot;,&quot;autoplay&quot;:&quot;yes&quot;,&quot;controls&quot;:&quot;yes&quot;}\" data-widget_type=\"video.default\">\n\t\t\t\t<div class=\"elementor-widget-container\">\n\t\t\t\t\t\t\t<div class=\"e-hosted-video elementor-wrapper elementor-open-inline\">\n\t\t\t\t\t<video class=\"elementor-video\" src=\"https:\/\/ipsa-consorcio.com\/wp-content\/uploads\/2025\/05\/IPSA-presentacion_2-2.mp4\" autoplay=\"\" controls=\"\" controlsList=\"nodownload\"><\/video>\n\t\t\t\t<\/div>\n\t\t\t\t\t\t<\/div>\n\t\t\t\t<\/div>\n\t\t\t\t<div class=\"elementor-element elementor-element-30b7e75 elementor-widget elementor-widget-spacer\" data-id=\"30b7e75\" data-element_type=\"widget\" data-widget_type=\"spacer.default\">\n\t\t\t\t<div class=\"elementor-widget-container\">\n\t\t\t\t\t\t\t<div class=\"elementor-spacer\">\n\t\t\t<div class=\"elementor-spacer-inner\"><\/div>\n\t\t<\/div>\n\t\t\t\t\t\t<\/div>\n\t\t\t\t<\/div>\n\t\t\t\t<\/div>\n\t\t<div class=\"elementor-element elementor-element-363def8 e-con-full e-flex e-con e-child\" data-id=\"363def8\" data-element_type=\"container\">\n\t\t<div class=\"elementor-element elementor-element-1651669 e-con-full e-flex e-con e-child\" data-id=\"1651669\" data-element_type=\"container\">\n\t\t\t\t<div class=\"elementor-element elementor-element-01349bc elementor-widget elementor-widget-heading\" data-id=\"01349bc\" data-element_type=\"widget\" data-widget_type=\"heading.default\">\n\t\t\t\t<div class=\"elementor-widget-container\">\n\t\t\t\t\t<h1 class=\"elementor-heading-title elementor-size-default\">EMPRESA <b>L\u00cdDER<\/b><\/h1>\t\t\t\t<\/div>\n\t\t\t\t<\/div>\n\t\t\t\t<\/div>\n\t\t<div class=\"elementor-element elementor-element-c47ecdc e-con-full e-flex e-con e-child\" data-id=\"c47ecdc\" data-element_type=\"container\">\n\t\t\t\t<div class=\"elementor-element elementor-element-0384cf1 elementor-widget elementor-widget-text-editor\" data-id=\"0384cf1\" data-element_type=\"widget\" data-widget_type=\"text-editor.default\">\n\t\t\t\t<div class=\"elementor-widget-container\">\n\t\t\t\t\t\t\t\t\t<p data-start=\"79\" data-end=\"270\"><strong data-start=\"79\" data-end=\"153\">Somos un laboratorio especializado en Ambiente Laboral y Fuentes Fijas<\/strong>, enfocado en brindar soluciones t\u00e9cnicas que permiten a las empresas concentrarse en lo que mejor hacen: su negocio.<\/p><p data-start=\"272\" data-end=\"419\">Contamos con un equipo de especialistas altamente capacitados, que trabajan bajo las mejores pr\u00e1cticas del sector y con tecnolog\u00eda de vanguardia.<\/p><p data-start=\"421\" data-end=\"620\">Ofrecemos <strong data-start=\"431\" data-end=\"541\">resultados confiables, soluciones efectivas y un servicio que supera las expectativas de nuestros clientes<\/strong>, contribuyendo al cumplimiento normativo y al fortalecimiento de su operaci\u00f3n.<\/p>\t\t\t\t\t\t\t\t<\/div>\n\t\t\t\t<\/div>\n\t\t\t\t<\/div>\n\t\t\t\t<\/div>\n\t\t\t\t\t<\/div>\n\t\t\t\t<\/div>\n\t\t<div class=\"elementor-element elementor-element-1f7284b e-grid e-con-boxed e-con e-parent\" data-id=\"1f7284b\" data-element_type=\"container\">\n\t\t\t\t\t<div class=\"e-con-inner\">\n\t\t\t\t<div class=\"elementor-element elementor-element-1a7d6ff elementor-widget elementor-widget-text-editor\" data-id=\"1a7d6ff\" data-element_type=\"widget\" data-widget_type=\"text-editor.default\">\n\t\t\t\t<div class=\"elementor-widget-container\">\n\t\t\t\t\t\t\t\t\t<h1 class=\"elementor-heading-title elementor-size-default elementor-inline-editing pen\" contenteditable=\"true\" data-elementor-setting-key=\"title\" data-pen-placeholder=\"Teclea aqu\u00ed...\">NUESTRA <b>MISI\u00d3N<\/b><\/h1><p><strong>\u00a0<\/strong><\/p><p><strong>IPSA<\/strong>\u00a0se ha fijado poner\u00a0al alcance de las empresas p\u00fablicas y privadas, ensayos que cumplan sus necesidades y expectativas en materia de Ambiente Laboral y Fuentes Fijas.<\/p>\t\t\t\t\t\t\t\t<\/div>\n\t\t\t\t<\/div>\n\t\t\t\t<div class=\"elementor-element elementor-element-823b3ba elementor-widget elementor-widget-text-editor\" data-id=\"823b3ba\" data-element_type=\"widget\" data-widget_type=\"text-editor.default\">\n\t\t\t\t<div class=\"elementor-widget-container\">\n\t\t\t\t\t\t\t\t\t<h1 class=\"elementor-heading-title elementor-size-default elementor-inline-editing pen\" contenteditable=\"true\" data-elementor-setting-key=\"title\" data-pen-placeholder=\"Teclea aqu\u00ed...\">NUESTRA <b>VISI\u00d3N<\/b><\/h1>\n<p><br><\/p><p>Ser una empresa reconocida por proporcionar una calidad de servicio excelente a sus clientes, una ampliaci\u00f3n de oportunidades de desarrollo profesional y personal a sus empleados y una contribuci\u00f3n positiva a la sociedad y al medio ambiente.<\/p>\t\t\t\t\t\t\t\t<\/div>\n\t\t\t\t<\/div>\n\t\t\t\t<div class=\"elementor-element elementor-element-b7f74c1 elementor-widget elementor-widget-text-editor\" data-id=\"b7f74c1\" data-element_type=\"widget\" data-widget_type=\"text-editor.default\">\n\t\t\t\t<div class=\"elementor-widget-container\">\n\t\t\t\t\t\t\t\t\t<h1 class=\"elementor-heading-title elementor-size-default elementor-inline-editing pen\" contenteditable=\"true\" data-elementor-setting-key=\"title\" data-pen-placeholder=\"Teclea aqu\u00ed...\">NUESTRA <b>POL\u00cdTICA<\/b><\/h1><p>\u00a0<\/p><p>Est\u00e1 comprometido en ofrecer soluciones enfocadas a mejorar la competitividad y desempe\u00f1o ambiental, mediante nuestros servicios integrales, basados en la eficacia, fundamentados en el liderazgo y en la responsabilidad social; promoviendo el aprendizaje constante a nuestros colaboradores; una mejora continua de nuestros procesos y servicios; controlando y minimizando los impactos ambientales adversos y los riesgos de seguridad y salud en el trabajo; cumpliendo con los requisitos legales y reglamentarios que nos aplican, con la finalidad de cubrir las necesidades de nuestros clientes y partes interesadas.<\/p>\t\t\t\t\t\t\t\t<\/div>\n\t\t\t\t<\/div>\n\t\t\t\t\t<\/div>\n\t\t\t\t<\/div>\n\t\t<div class=\"elementor-element elementor-element-d82b90d e-grid e-con-full e-con e-parent\" data-id=\"d82b90d\" data-element_type=\"container\">\n\t\t\t\t<div class=\"elementor-element elementor-element-1cda42a elementor-position-top elementor-widget elementor-widget-image-box\" data-id=\"1cda42a\" data-element_type=\"widget\" data-widget_type=\"image-box.default\">\n\t\t\t\t<div class=\"elementor-widget-container\">\n\t\t\t\t\t<div class=\"elementor-image-box-wrapper\"><figure class=\"elementor-image-box-img\"><img fetchpriority=\"high\" decoding=\"async\" width=\"926\" height=\"926\" src=\"https:\/\/ipsa-consorcio.com\/wp-content\/uploads\/2025\/05\/1.png\" class=\"attachment-full size-full wp-image-339\" alt=\"\" srcset=\"https:\/\/ipsa-consorcio.com\/wp-content\/uploads\/2025\/05\/1.png 926w, https:\/\/ipsa-consorcio.com\/wp-content\/uploads\/2025\/05\/1-300x300.png 300w, https:\/\/ipsa-consorcio.com\/wp-content\/uploads\/2025\/05\/1-150x150.png 150w, https:\/\/ipsa-consorcio.com\/wp-content\/uploads\/2025\/05\/1-768x768.png 768w\" sizes=\"(max-width: 926px) 100vw, 926px\" \/><\/figure><div class=\"elementor-image-box-content\"><h3 class=\"elementor-image-box-title\"><span style=\"font-weight: normal;\">EXPERTOS <\/span>PLANEADORES<\/h3><p class=\"elementor-image-box-description\">La planeaci\u00f3n es la base de cada proyecto en el que participamos, lo que nos ha permitido mantenernos competitivos y responder eficazmente a las necesidades de nuestros clientes.<\/p><\/div><\/div>\t\t\t\t<\/div>\n\t\t\t\t<\/div>\n\t\t\t\t<div class=\"elementor-element elementor-element-45f60b1 elementor-position-top elementor-widget elementor-widget-image-box\" data-id=\"45f60b1\" data-element_type=\"widget\" data-widget_type=\"image-box.default\">\n\t\t\t\t<div class=\"elementor-widget-container\">\n\t\t\t\t\t<div class=\"elementor-image-box-wrapper\"><figure class=\"elementor-image-box-img\"><img decoding=\"async\" width=\"926\" height=\"926\" src=\"https:\/\/ipsa-consorcio.com\/wp-content\/uploads\/2025\/05\/2.png\" class=\"attachment-full size-full wp-image-340\" alt=\"\" srcset=\"https:\/\/ipsa-consorcio.com\/wp-content\/uploads\/2025\/05\/2.png 926w, https:\/\/ipsa-consorcio.com\/wp-content\/uploads\/2025\/05\/2-300x300.png 300w, https:\/\/ipsa-consorcio.com\/wp-content\/uploads\/2025\/05\/2-150x150.png 150w, https:\/\/ipsa-consorcio.com\/wp-content\/uploads\/2025\/05\/2-768x768.png 768w\" sizes=\"(max-width: 926px) 100vw, 926px\" \/><\/figure><div class=\"elementor-image-box-content\"><h3 class=\"elementor-image-box-title\"><span style=\"font-weight: normal;\">EQUIPO DE <\/span>TRABAJO<\/h3><p class=\"elementor-image-box-description\"><br><br>Llevamos cada relaci\u00f3n de negocio a un nivel m\u00e1s profundo, demostrando empat\u00eda y comprensi\u00f3n ante cada situaci\u00f3n que enfrentan nuestros clientes.<\/p><\/div><\/div>\t\t\t\t<\/div>\n\t\t\t\t<\/div>\n\t\t\t\t<div class=\"elementor-element elementor-element-79ddefa elementor-position-top elementor-widget elementor-widget-image-box\" data-id=\"79ddefa\" data-element_type=\"widget\" data-widget_type=\"image-box.default\">\n\t\t\t\t<div class=\"elementor-widget-container\">\n\t\t\t\t\t<div class=\"elementor-image-box-wrapper\"><figure class=\"elementor-image-box-img\"><img decoding=\"async\" width=\"926\" height=\"926\" src=\"https:\/\/ipsa-consorcio.com\/wp-content\/uploads\/2025\/05\/3.png\" class=\"attachment-full size-full wp-image-341\" alt=\"\" srcset=\"https:\/\/ipsa-consorcio.com\/wp-content\/uploads\/2025\/05\/3.png 926w, https:\/\/ipsa-consorcio.com\/wp-content\/uploads\/2025\/05\/3-300x300.png 300w, https:\/\/ipsa-consorcio.com\/wp-content\/uploads\/2025\/05\/3-150x150.png 150w, https:\/\/ipsa-consorcio.com\/wp-content\/uploads\/2025\/05\/3-768x768.png 768w\" sizes=\"(max-width: 926px) 100vw, 926px\" \/><\/figure><div class=\"elementor-image-box-content\"><h3 class=\"elementor-image-box-title\"><span style=\"font-weight: normal;\">EQUIPO <\/span>MULTIDISCIPLINARIO<\/h3><p class=\"elementor-image-box-description\">Cada integrante de nuestro equipo cuenta con experiencia en distintas \u00e1reas, lo que nos permite diversificar nuestros servicios y tener presencia en todos los sectores productivos a nivel nacional.<\/p><\/div><\/div>\t\t\t\t<\/div>\n\t\t\t\t<\/div>\n\t\t\t\t<div class=\"elementor-element elementor-element-f82725d elementor-position-top elementor-widget elementor-widget-image-box\" data-id=\"f82725d\" data-element_type=\"widget\" data-widget_type=\"image-box.default\">\n\t\t\t\t<div class=\"elementor-widget-container\">\n\t\t\t\t\t<div class=\"elementor-image-box-wrapper\"><figure class=\"elementor-image-box-img\"><img loading=\"lazy\" decoding=\"async\" width=\"926\" height=\"926\" src=\"https:\/\/ipsa-consorcio.com\/wp-content\/uploads\/2025\/05\/4.png\" class=\"attachment-full size-full wp-image-342\" alt=\"\" srcset=\"https:\/\/ipsa-consorcio.com\/wp-content\/uploads\/2025\/05\/4.png 926w, https:\/\/ipsa-consorcio.com\/wp-content\/uploads\/2025\/05\/4-300x300.png 300w, https:\/\/ipsa-consorcio.com\/wp-content\/uploads\/2025\/05\/4-150x150.png 150w, https:\/\/ipsa-consorcio.com\/wp-content\/uploads\/2025\/05\/4-768x768.png 768w\" sizes=\"(max-width: 926px) 100vw, 926px\" \/><\/figure><div class=\"elementor-image-box-content\"><h3 class=\"elementor-image-box-title\"><span style=\"font-weight: normal;\">ASESOR\u00cdA<\/span> T\u00c9CNICA<\/h3><p class=\"elementor-image-box-description\"><br><br>Cada uno de nuestros clientes tiene necesidades \u00fanicas, por eso ofrecemos asesor\u00eda personalizada en cada servicio que nos solicitan. Estamos disponibles en el momento preciso, respondiendo de forma oportuna y eficaz.<\/p><\/div><\/div>\t\t\t\t<\/div>\n\t\t\t\t<\/div>\n\t\t\t\t<\/div>\n\t\t<div class=\"elementor-element elementor-element-7b2e5e5 e-flex e-con-boxed e-con e-parent\" data-id=\"7b2e5e5\" data-element_type=\"container\">\n\t\t\t\t\t<div class=\"e-con-inner\">\n\t\t\t\t<div class=\"elementor-element elementor-element-991a8f5 elementor-widget elementor-widget-spacer\" data-id=\"991a8f5\" data-element_type=\"widget\" data-widget_type=\"spacer.default\">\n\t\t\t\t<div class=\"elementor-widget-container\">\n\t\t\t\t\t\t\t<div class=\"elementor-spacer\">\n\t\t\t<div class=\"elementor-spacer-inner\"><\/div>\n\t\t<\/div>\n\t\t\t\t\t\t<\/div>\n\t\t\t\t<\/div>\n\t\t\t\t\t<\/div>\n\t\t\t\t<\/div>\n\t\t<div class=\"elementor-element elementor-element-679b6b0 e-con-full e-flex e-con e-parent\" data-id=\"679b6b0\" data-element_type=\"container\" data-settings=\"{&quot;background_background&quot;:&quot;video&quot;,&quot;background_play_on_mobile&quot;:&quot;yes&quot;}\">\n\t\t\t\t<\/div>\n\t\t\t\t<\/div>\n\t\t","protected":false},"excerpt":{"rendered":"<p>IPSA CONSORCIOLaboratorio 100% mexicano especializado en ambiente laboral y fuentes fijas. Ofrecemos soluciones t\u00e9cnicas confiables que aseguran el cumplimiento normativo y mejoran el desempe\u00f1o de tu empresa. https:\/\/ipsa-consorcio.com\/wp-content\/uploads\/2025\/05\/IPSA-presentacion_2-2.mp4 EMPRESA L\u00cdDER Somos un laboratorio especializado en Ambiente Laboral y Fuentes Fijas, enfocado en brindar soluciones t\u00e9cnicas que permiten a las empresas concentrarse en lo que mejor &#8230; <a title=\"Nosotros\" class=\"read-more\" href=\"https:\/\/ipsa-consorcio.com\/index.php\/inicio\/\" aria-label=\"Leer m\u00e1s sobre Nosotros\">Leer m\u00e1s<\/a><\/p>\n","protected":false},"author":1,"featured_media":0,"parent":0,"menu_order":0,"comment_status":"closed","ping_status":"closed","template":"","meta":{"footnotes":""},"class_list":["post-326","page","type-page","status-publish"],"_links":{"self":[{"href":"https:\/\/ipsa-consorcio.com\/index.php\/wp-json\/wp\/v2\/pages\/326","targetHints":{"allow":["GET"]}}],"collection":[{"href":"https:\/\/ipsa-consorcio.com\/index.php\/wp-json\/wp\/v2\/pages"}],"about":[{"href":"https:\/\/ipsa-consorcio.com\/index.php\/wp-json\/wp\/v2\/types\/page"}],"author":[{"embeddable":true,"href":"https:\/\/ipsa-consorcio.com\/index.php\/wp-json\/wp\/v2\/users\/1"}],"replies":[{"embeddable":true,"href":"https:\/\/ipsa-consorcio.com\/index.php\/wp-json\/wp\/v2\/comments?post=326"}],"version-history":[{"count":122,"href":"https:\/\/ipsa-consorcio.com\/index.php\/wp-json\/wp\/v2\/pages\/326\/revisions"}],"predecessor-version":[{"id":2482,"href":"https:\/\/ipsa-consorcio.com\/index.php\/wp-json\/wp\/v2\/pages\/326\/revisions\/2482"}],"wp:attachment":[{"href":"https:\/\/ipsa-consorcio.com\/index.php\/wp-json\/wp\/v2\/media?parent=326"}],"curies":[{"name":"wp","href":"https:\/\/api.w.org\/{rel}","templated":true}]}}