{"id":328,"date":"2025-05-28T17:02:00","date_gmt":"2025-05-28T17:02:00","guid":{"rendered":"https:\/\/ipsa-consorcio.com\/?page_id=328"},"modified":"2025-10-24T18:55:15","modified_gmt":"2025-10-24T18:55:15","slug":"nosotros","status":"publish","type":"page","link":"https:\/\/ipsa-consorcio.com\/","title":{"rendered":"Inicio"},"content":{"rendered":"\t\t<div data-elementor-type=\"wp-page\" data-elementor-id=\"328\" class=\"elementor elementor-328\" data-elementor-post-type=\"page\">\n\t\t\t\t<div class=\"elementor-element elementor-element-e32529e e-con-full e-flex e-con e-parent\" data-id=\"e32529e\" data-element_type=\"container\">\n\t\t\t\t<div class=\"elementor-element elementor-element-0673b43 elementor--h-position-center elementor--v-position-middle elementor-arrows-position-inside elementor-pagination-position-inside elementor-widget elementor-widget-slides\" data-id=\"0673b43\" data-element_type=\"widget\" data-settings=\"{&quot;navigation&quot;:&quot;both&quot;,&quot;autoplay&quot;:&quot;yes&quot;,&quot;pause_on_hover&quot;:&quot;yes&quot;,&quot;pause_on_interaction&quot;:&quot;yes&quot;,&quot;autoplay_speed&quot;:5000,&quot;infinite&quot;:&quot;yes&quot;,&quot;transition&quot;:&quot;slide&quot;,&quot;transition_speed&quot;:500}\" data-widget_type=\"slides.default\">\n\t\t\t\t<div class=\"elementor-widget-container\">\n\t\t\t\t\t\t\t\t\t<div class=\"elementor-swiper\">\n\t\t\t\t\t<div class=\"elementor-slides-wrapper elementor-main-swiper swiper\" role=\"region\" aria-roledescription=\"carousel\" aria-label=\"Diapositivas\" dir=\"ltr\" data-animation=\"fadeInUp\">\n\t\t\t\t<div class=\"swiper-wrapper elementor-slides\">\n\t\t\t\t\t\t\t\t\t\t<div class=\"elementor-repeater-item-f642c43 swiper-slide\" role=\"group\" aria-roledescription=\"slide\"><div class=\"swiper-slide-bg\" role=\"img\"><\/div><div class=\"swiper-slide-inner\" ><div class=\"swiper-slide-contents\"><div class=\"elementor-slide-heading\">ESTUDIO DE ILUMINACI\u00d3N<\/div><div class=\"elementor-slide-description\">Realizamos estudios de iluminaci\u00f3n conforme a la NOM-025-STPS-2008 para garantizar espacios de trabajo seguros y bien iluminados. Cumple con la norma, evita sanciones y mejora el bienestar de tu personal.<\/div><a href=\"https:\/\/ipsa-consorcio.com\/index.php\/nom-025-stps-2008\/\" class=\"elementor-button elementor-slide-button elementor-size-sm\">\u00a1M\u00e1s Informaci\u00f3n!<\/a><\/div><\/div><\/div><div class=\"elementor-repeater-item-2009d21 swiper-slide\" role=\"group\" aria-roledescription=\"slide\"><div class=\"swiper-slide-bg\" role=\"img\"><\/div><div class=\"swiper-slide-inner\" ><div class=\"swiper-slide-contents\"><div class=\"elementor-slide-heading\">ESTUDIO DE RUIDO PERIMETRAL Y LABORAL<\/div><div class=\"elementor-slide-description\">Realizamos Estudios de Ruido Perimetral conforme a la NOM-081-SEMARNAT-1994 y la NADF-005-AMBT-2013, y Ruido Laboral conforme a la NOM-011-STPS-2001.\nCumple con la norma, evita sanciones y protege tu relaci\u00f3n con la comunidad y la salud de tus trabajadores.<\/div><a href=\"https:\/\/ipsa-consorcio.com\/index.php\/ruido\/\" class=\"elementor-button elementor-slide-button elementor-size-sm\">\u00a1M\u00e1s Informaci\u00f3n!<\/a><\/div><\/div><\/div><div class=\"elementor-repeater-item-fcd50dc swiper-slide\" role=\"group\" aria-roledescription=\"slide\"><div class=\"swiper-slide-bg\" role=\"img\"><\/div><div class=\"swiper-slide-inner\" ><div class=\"swiper-slide-contents\"><div class=\"elementor-slide-heading\">ESTUDIO DE ELECTRICIDAD EST\u00c1TICA <\/div><div class=\"elementor-slide-description\">Realizamos la evaluaci\u00f3n de electricidad est\u00e1tica (resistencia y continuidad) conforme a la NOM-022-STPS-2015, para prevenir riesgos de descargas el\u00e9ctricas en el centro de trabajo.\nCumple con la norma, protege a tu personal y evita accidentes.<\/div><a href=\"https:\/\/ipsa-consorcio.com\/index.php\/nom-022-stps-2015\/\" class=\"elementor-button elementor-slide-button elementor-size-sm\">\u00a1M\u00e1s Informaci\u00f3n!<\/a><\/div><\/div><\/div>\t\t\t\t<\/div>\n\t\t\t\t\t\t\t\t\t\t\t\t\t\t\t<div class=\"elementor-swiper-button elementor-swiper-button-prev\" role=\"button\" tabindex=\"0\" aria-label=\"Diapositiva anterior\">\n\t\t\t\t\t\t\t<svg aria-hidden=\"true\" class=\"e-font-icon-svg e-eicon-chevron-left\" viewBox=\"0 0 1000 1000\" xmlns=\"http:\/\/www.w3.org\/2000\/svg\"><path d=\"M646 125C629 125 613 133 604 142L308 442C296 454 292 471 292 487 292 504 296 521 308 533L604 854C617 867 629 875 646 875 663 875 679 871 692 858 704 846 713 829 713 812 713 796 708 779 692 767L438 487 692 225C700 217 708 204 708 187 708 171 704 154 692 142 675 129 663 125 646 125Z\"><\/path><\/svg>\t\t\t\t\t\t<\/div>\n\t\t\t\t\t\t<div class=\"elementor-swiper-button elementor-swiper-button-next\" role=\"button\" tabindex=\"0\" aria-label=\"Diapositiva siguiente\">\n\t\t\t\t\t\t\t<svg aria-hidden=\"true\" class=\"e-font-icon-svg e-eicon-chevron-right\" viewBox=\"0 0 1000 1000\" xmlns=\"http:\/\/www.w3.org\/2000\/svg\"><path d=\"M696 533C708 521 713 504 713 487 713 471 708 454 696 446L400 146C388 133 375 125 354 125 338 125 325 129 313 142 300 154 292 171 292 187 292 204 296 221 308 233L563 492 304 771C292 783 288 800 288 817 288 833 296 850 308 863 321 871 338 875 354 875 371 875 388 867 400 854L696 533Z\"><\/path><\/svg>\t\t\t\t\t\t<\/div>\n\t\t\t\t\t\t\t\t\t\t\t\t\t\t\t\t<div class=\"swiper-pagination\"><\/div>\n\t\t\t\t\t\t\t\t\t\t\t\t<\/div>\n\t\t\t\t<\/div>\n\t\t\t\t\t\t\t\t<\/div>\n\t\t\t\t<\/div>\n\t\t\t\t<\/div>\n\t\t<div class=\"elementor-element elementor-element-c4e081c e-flex e-con-boxed e-con e-parent\" data-id=\"c4e081c\" data-element_type=\"container\">\n\t\t\t\t\t<div class=\"e-con-inner\">\n\t\t<div class=\"elementor-element elementor-element-2c976ba e-con-full e-flex e-con e-child\" data-id=\"2c976ba\" data-element_type=\"container\">\n\t\t\t\t<div class=\"elementor-element elementor-element-8171255 elementor-widget elementor-widget-spacer\" data-id=\"8171255\" data-element_type=\"widget\" data-widget_type=\"spacer.default\">\n\t\t\t\t<div class=\"elementor-widget-container\">\n\t\t\t\t\t\t\t<div class=\"elementor-spacer\">\n\t\t\t<div class=\"elementor-spacer-inner\"><\/div>\n\t\t<\/div>\n\t\t\t\t\t\t<\/div>\n\t\t\t\t<\/div>\n\t\t\t\t<div class=\"elementor-element elementor-element-7217448 elementor-widget__width-initial elementor-widget elementor-widget-image\" data-id=\"7217448\" data-element_type=\"widget\" data-widget_type=\"image.default\">\n\t\t\t\t<div class=\"elementor-widget-container\">\n\t\t\t\t\t\t\t\t\t\t\t\t\t\t\t<img decoding=\"async\" src=\"https:\/\/ipsa-consorcio.com\/wp-content\/uploads\/elementor\/thumbs\/Empresario-r6hh7r8fmyep0j44ydtq1j4ybs3o4vwpulkavbqyoo.jpg\" title=\"Empresario\" alt=\"Empresario\" loading=\"lazy\" \/>\t\t\t\t\t\t\t\t\t\t\t\t\t\t\t<\/div>\n\t\t\t\t<\/div>\n\t\t\t\t<div class=\"elementor-element elementor-element-05022f2 elementor-widget elementor-widget-spacer\" data-id=\"05022f2\" data-element_type=\"widget\" data-widget_type=\"spacer.default\">\n\t\t\t\t<div class=\"elementor-widget-container\">\n\t\t\t\t\t\t\t<div class=\"elementor-spacer\">\n\t\t\t<div class=\"elementor-spacer-inner\"><\/div>\n\t\t<\/div>\n\t\t\t\t\t\t<\/div>\n\t\t\t\t<\/div>\n\t\t\t\t<\/div>\n\t\t<div class=\"elementor-element elementor-element-33124fb e-con-full e-flex e-con e-child\" data-id=\"33124fb\" data-element_type=\"container\">\n\t\t\t\t<div class=\"elementor-element elementor-element-cfe5b2a elementor-widget elementor-widget-heading\" data-id=\"cfe5b2a\" data-element_type=\"widget\" data-widget_type=\"heading.default\">\n\t\t\t\t<div class=\"elementor-widget-container\">\n\t\t\t\t\t<h2 class=\"elementor-heading-title elementor-size-default\">IPSA<\/h2>\t\t\t\t<\/div>\n\t\t\t\t<\/div>\n\t\t\t\t<div class=\"elementor-element elementor-element-48e9a33 elementor-widget elementor-widget-text-editor\" data-id=\"48e9a33\" data-element_type=\"widget\" data-widget_type=\"text-editor.default\">\n\t\t\t\t<div class=\"elementor-widget-container\">\n\t\t\t\t\t\t\t\t\t<p data-start=\"71\" data-end=\"306\"><strong data-start=\"71\" data-end=\"146\">IPSA Consorcio de Ingenier\u00eda en Proyectos y Servicios Ambientales, S.C.<\/strong> es una empresa 100% mexicana, constituida como laboratorio de ensayo, especializada en ofrecer soluciones t\u00e9cnicas en materia ambiental y de seguridad laboral.<\/p><p data-start=\"308\" data-end=\"495\">Contamos con un equipo de profesionales altamente capacitados y con amplia experiencia, comprometidos con brindar un servicio integral y confiable tanto a empresas p\u00fablicas como privadas.<\/p><p data-start=\"497\" data-end=\"757\">En IPSA, respondemos de forma efectiva a los requerimientos normativos y operativos relacionados con el <strong data-start=\"601\" data-end=\"650\">ambiente laboral y emisiones de fuentes fijas<\/strong>, ayudando a nuestros clientes a <strong data-start=\"683\" data-end=\"756\">cumplir la ley, evitar sanciones y mejorar sus condiciones de trabajo<\/strong>.<\/p>\t\t\t\t\t\t\t\t<\/div>\n\t\t\t\t<\/div>\n\t\t\t\t<div class=\"elementor-element elementor-element-eaafdc0 elementor-align-center elementor-widget elementor-widget-button\" data-id=\"eaafdc0\" data-element_type=\"widget\" data-widget_type=\"button.default\">\n\t\t\t\t<div class=\"elementor-widget-container\">\n\t\t\t\t\t\t\t\t\t<div class=\"elementor-button-wrapper\">\n\t\t\t\t\t<a class=\"elementor-button elementor-button-link elementor-size-sm\" href=\"https:\/\/ipsa-consorcio.com\/index.php\/contacto\/\">\n\t\t\t\t\t\t<span class=\"elementor-button-content-wrapper\">\n\t\t\t\t\t\t\t\t\t<span class=\"elementor-button-text\">\u00a1Comunicate con Nosotros!<\/span>\n\t\t\t\t\t<\/span>\n\t\t\t\t\t<\/a>\n\t\t\t\t<\/div>\n\t\t\t\t\t\t\t\t<\/div>\n\t\t\t\t<\/div>\n\t\t\t\t<\/div>\n\t\t\t\t\t<\/div>\n\t\t\t\t<\/div>\n\t\t<div class=\"elementor-element elementor-element-21156cc e-flex e-con-boxed e-con e-parent\" data-id=\"21156cc\" data-element_type=\"container\">\n\t\t\t\t\t<div class=\"e-con-inner\">\n\t\t\t\t<div class=\"elementor-element elementor-element-b78116a elementor-widget elementor-widget-spacer\" data-id=\"b78116a\" data-element_type=\"widget\" data-widget_type=\"spacer.default\">\n\t\t\t\t<div class=\"elementor-widget-container\">\n\t\t\t\t\t\t\t<div class=\"elementor-spacer\">\n\t\t\t<div class=\"elementor-spacer-inner\"><\/div>\n\t\t<\/div>\n\t\t\t\t\t\t<\/div>\n\t\t\t\t<\/div>\n\t\t\t\t<div class=\"elementor-element elementor-element-aeb5e6a elementor-widget elementor-widget-heading\" data-id=\"aeb5e6a\" data-element_type=\"widget\" data-widget_type=\"heading.default\">\n\t\t\t\t<div class=\"elementor-widget-container\">\n\t\t\t\t\t<h1 class=\"elementor-heading-title elementor-size-default\">ACREDITACIONES Y REGISTROS<\/h1>\t\t\t\t<\/div>\n\t\t\t\t<\/div>\n\t\t\t\t\t<\/div>\n\t\t\t\t<\/div>\n\t\t<div class=\"elementor-element elementor-element-0e354a8 e-grid e-con-boxed e-con e-parent\" data-id=\"0e354a8\" data-element_type=\"container\">\n\t\t\t\t\t<div class=\"e-con-inner\">\n\t\t\t\t<div class=\"elementor-element elementor-element-7cc029e elementor-position-top elementor-widget elementor-widget-image-box\" data-id=\"7cc029e\" data-element_type=\"widget\" data-widget_type=\"image-box.default\">\n\t\t\t\t<div class=\"elementor-widget-container\">\n\t\t\t\t\t<div class=\"elementor-image-box-wrapper\"><figure class=\"elementor-image-box-img\"><a href=\"https:\/\/ipsa-consorcio.com\/wp-content\/uploads\/2025\/06\/EMA-AMBIENTE-LABORAL-25LP1295.pdf\" target=\"_blank\" tabindex=\"-1\"><img fetchpriority=\"high\" decoding=\"async\" width=\"300\" height=\"300\" src=\"https:\/\/ipsa-consorcio.com\/wp-content\/uploads\/2025\/05\/Diseno-sin-titulo-8-e1748534458750.jpg\" class=\"elementor-animation-grow attachment-full size-full wp-image-438\" alt=\"\" \/><\/a><\/figure><div class=\"elementor-image-box-content\"><h3 class=\"elementor-image-box-title\"><a href=\"https:\/\/ipsa-consorcio.com\/wp-content\/uploads\/2025\/06\/EMA-AMBIENTE-LABORAL-25LP1295.pdf\" target=\"_blank\">NOM-011 STPS | NOM-022 STPS | NOM-025 STPS<\/a><\/h3><p class=\"elementor-image-box-description\">Nuestra Acreditaci\u00f3n\nEMA: AL-1074-080\/19<\/p><\/div><\/div>\t\t\t\t<\/div>\n\t\t\t\t<\/div>\n\t\t\t\t<div class=\"elementor-element elementor-element-2d97f6e elementor-position-top elementor-widget elementor-widget-image-box\" data-id=\"2d97f6e\" data-element_type=\"widget\" data-widget_type=\"image-box.default\">\n\t\t\t\t<div class=\"elementor-widget-container\">\n\t\t\t\t\t<div class=\"elementor-image-box-wrapper\"><figure class=\"elementor-image-box-img\"><a href=\"https:\/\/ipsa-consorcio.com\/wp-content\/uploads\/2025\/06\/EMA-FUENTES-FIJAS-24LP0552.pdf\" target=\"_blank\" tabindex=\"-1\"><img fetchpriority=\"high\" decoding=\"async\" width=\"300\" height=\"300\" src=\"https:\/\/ipsa-consorcio.com\/wp-content\/uploads\/2025\/05\/Diseno-sin-titulo-8-e1748534458750.jpg\" class=\"elementor-animation-grow attachment-full size-full wp-image-438\" alt=\"\" \/><\/a><\/figure><div class=\"elementor-image-box-content\"><h3 class=\"elementor-image-box-title\"><a href=\"https:\/\/ipsa-consorcio.com\/wp-content\/uploads\/2025\/06\/EMA-FUENTES-FIJAS-24LP0552.pdf\" target=\"_blank\">NOM-081 SEMARNAT | NADF-005<\/a><\/h3><p class=\"elementor-image-box-description\">Nuestra Acreditaci\u00f3n\nEMA: FF-1073-084\/19<\/p><\/div><\/div>\t\t\t\t<\/div>\n\t\t\t\t<\/div>\n\t\t\t\t<div class=\"elementor-element elementor-element-640468f elementor-position-top elementor-widget elementor-widget-image-box\" data-id=\"640468f\" data-element_type=\"widget\" data-widget_type=\"image-box.default\">\n\t\t\t\t<div class=\"elementor-widget-container\">\n\t\t\t\t\t<div class=\"elementor-image-box-wrapper\"><figure class=\"elementor-image-box-img\"><a href=\"https:\/\/ipsa-consorcio.com\/wp-content\/uploads\/2025\/06\/PADLA-2025.pdf\" target=\"_blank\" tabindex=\"-1\"><img fetchpriority=\"high\" decoding=\"async\" width=\"300\" height=\"300\" src=\"https:\/\/ipsa-consorcio.com\/wp-content\/uploads\/2025\/05\/Diseno-sin-titulo-8-e1748534458750.jpg\" class=\"elementor-animation-grow attachment-full size-full wp-image-438\" alt=\"\" \/><\/a><\/figure><div class=\"elementor-image-box-content\"><h3 class=\"elementor-image-box-title\"><a href=\"https:\/\/ipsa-consorcio.com\/wp-content\/uploads\/2025\/06\/PADLA-2025.pdf\" target=\"_blank\">NADF-005-AMBT<\/a><\/h3><p class=\"elementor-image-box-description\"><br>Nuestro Registro:\nPADLA\/CDMX\/CA\/067\/RD<\/p><\/div><\/div>\t\t\t\t<\/div>\n\t\t\t\t<\/div>\n\t\t\t\t<div class=\"elementor-element elementor-element-5861344 elementor-position-top elementor-widget elementor-widget-image-box\" data-id=\"5861344\" data-element_type=\"widget\" data-widget_type=\"image-box.default\">\n\t\t\t\t<div class=\"elementor-widget-container\">\n\t\t\t\t\t<div class=\"elementor-image-box-wrapper\"><figure class=\"elementor-image-box-img\"><a href=\"https:\/\/ipsa-consorcio.com\/wp-content\/uploads\/2025\/06\/APROBACION-STPS-IPSA-CONSORCIO.pdf\" target=\"_blank\" tabindex=\"-1\"><img fetchpriority=\"high\" decoding=\"async\" width=\"300\" height=\"300\" src=\"https:\/\/ipsa-consorcio.com\/wp-content\/uploads\/2025\/05\/Diseno-sin-titulo-8-e1748534458750.jpg\" class=\"elementor-animation-grow attachment-full size-full wp-image-438\" alt=\"\" \/><\/a><\/figure><div class=\"elementor-image-box-content\"><h3 class=\"elementor-image-box-title\"><a href=\"https:\/\/ipsa-consorcio.com\/wp-content\/uploads\/2025\/06\/APROBACION-STPS-IPSA-CONSORCIO.pdf\" target=\"_blank\">NOM-011 STPS | NOM-022 STPS | NOM-025 STPS<\/a><\/h3><p class=\"elementor-image-box-description\">Nuestra Aprobaci\u00f3n:\nLPSTPS- 156\/2023-I<\/p><\/div><\/div>\t\t\t\t<\/div>\n\t\t\t\t<\/div>\n\t\t\t\t\t<\/div>\n\t\t\t\t<\/div>\n\t\t<div class=\"elementor-element elementor-element-eeb979d e-con-full e-flex e-con e-parent\" data-id=\"eeb979d\" data-element_type=\"container\" data-settings=\"{&quot;background_background&quot;:&quot;classic&quot;}\">\n\t\t\t\t<div class=\"elementor-element elementor-element-171c4a2 elementor-widget elementor-widget-spacer\" data-id=\"171c4a2\" data-element_type=\"widget\" data-widget_type=\"spacer.default\">\n\t\t\t\t<div class=\"elementor-widget-container\">\n\t\t\t\t\t\t\t<div class=\"elementor-spacer\">\n\t\t\t<div class=\"elementor-spacer-inner\"><\/div>\n\t\t<\/div>\n\t\t\t\t\t\t<\/div>\n\t\t\t\t<\/div>\n\t\t\t\t<\/div>\n\t\t<div class=\"elementor-element elementor-element-e1420b3 e-con-full e-flex e-con e-parent\" data-id=\"e1420b3\" data-element_type=\"container\" data-settings=\"{&quot;background_background&quot;:&quot;classic&quot;}\">\n\t\t\t\t<\/div>\n\t\t\t\t<\/div>\n\t\t","protected":false},"excerpt":{"rendered":"<p>ESTUDIO DE ILUMINACI\u00d3NRealizamos estudios de iluminaci\u00f3n conforme a la NOM-025-STPS-2008 para garantizar espacios de trabajo seguros y bien iluminados. Cumple con la norma, evita sanciones y mejora el bienestar de tu personal.\u00a1M\u00e1s Informaci\u00f3n!ESTUDIO DE RUIDO PERIMETRAL Y LABORALRealizamos Estudios de Ruido Perimetral conforme a la NOM-081-SEMARNAT-1994 y la NADF-005-AMBT-2013, y Ruido Laboral conforme a la &#8230; <a title=\"Inicio\" class=\"read-more\" href=\"https:\/\/ipsa-consorcio.com\/\" aria-label=\"Leer m\u00e1s sobre Inicio\">Leer m\u00e1s<\/a><\/p>\n","protected":false},"author":1,"featured_media":0,"parent":0,"menu_order":0,"comment_status":"closed","ping_status":"closed","template":"","meta":{"footnotes":""},"class_list":["post-328","page","type-page","status-publish"],"_links":{"self":[{"href":"https:\/\/ipsa-consorcio.com\/index.php\/wp-json\/wp\/v2\/pages\/328","targetHints":{"allow":["GET"]}}],"collection":[{"href":"https:\/\/ipsa-consorcio.com\/index.php\/wp-json\/wp\/v2\/pages"}],"about":[{"href":"https:\/\/ipsa-consorcio.com\/index.php\/wp-json\/wp\/v2\/types\/page"}],"author":[{"embeddable":true,"href":"https:\/\/ipsa-consorcio.com\/index.php\/wp-json\/wp\/v2\/users\/1"}],"replies":[{"embeddable":true,"href":"https:\/\/ipsa-consorcio.com\/index.php\/wp-json\/wp\/v2\/comments?post=328"}],"version-history":[{"count":260,"href":"https:\/\/ipsa-consorcio.com\/index.php\/wp-json\/wp\/v2\/pages\/328\/revisions"}],"predecessor-version":[{"id":2476,"href":"https:\/\/ipsa-consorcio.com\/index.php\/wp-json\/wp\/v2\/pages\/328\/revisions\/2476"}],"wp:attachment":[{"href":"https:\/\/ipsa-consorcio.com\/index.php\/wp-json\/wp\/v2\/media?parent=328"}],"curies":[{"name":"wp","href":"https:\/\/api.w.org\/{rel}","templated":true}]}}