{"id":330,"date":"2025-05-28T17:03:33","date_gmt":"2025-05-28T17:03:33","guid":{"rendered":"https:\/\/ipsa-consorcio.com\/?page_id=330"},"modified":"2025-06-23T22:16:35","modified_gmt":"2025-06-23T22:16:35","slug":"servicios","status":"publish","type":"page","link":"https:\/\/ipsa-consorcio.com\/index.php\/servicios\/","title":{"rendered":"Servicios"},"content":{"rendered":"\t\t<div data-elementor-type=\"wp-page\" data-elementor-id=\"330\" class=\"elementor elementor-330\" data-elementor-post-type=\"page\">\n\t\t\t\t<div class=\"elementor-element elementor-element-a25845e e-con-full e-flex e-con e-parent\" data-id=\"a25845e\" data-element_type=\"container\">\n\t\t\t\t<div class=\"elementor-element elementor-element-52fe3fc elementor--h-position-center elementor--v-position-middle elementor-arrows-position-inside elementor-pagination-position-inside elementor-widget elementor-widget-slides\" data-id=\"52fe3fc\" data-element_type=\"widget\" data-settings=\"{&quot;navigation&quot;:&quot;both&quot;,&quot;autoplay&quot;:&quot;yes&quot;,&quot;pause_on_hover&quot;:&quot;yes&quot;,&quot;pause_on_interaction&quot;:&quot;yes&quot;,&quot;autoplay_speed&quot;:5000,&quot;infinite&quot;:&quot;yes&quot;,&quot;transition&quot;:&quot;slide&quot;,&quot;transition_speed&quot;:500}\" data-widget_type=\"slides.default\">\n\t\t\t\t<div class=\"elementor-widget-container\">\n\t\t\t\t\t\t\t\t\t<div class=\"elementor-swiper\">\n\t\t\t\t\t<div class=\"elementor-slides-wrapper elementor-main-swiper swiper\" role=\"region\" aria-roledescription=\"carousel\" aria-label=\"Diapositivas\" dir=\"ltr\" data-animation=\"fadeInUp\">\n\t\t\t\t<div class=\"swiper-wrapper elementor-slides\">\n\t\t\t\t\t\t\t\t\t\t<div class=\"elementor-repeater-item-0c060de swiper-slide\" role=\"group\" aria-roledescription=\"slide\"><div class=\"swiper-slide-bg\" role=\"img\"><\/div><div class=\"swiper-slide-inner\" ><div class=\"swiper-slide-contents\"><div class=\"elementor-slide-heading\">Soluciones Integrales<\/div><\/div><\/div><\/div>\t\t\t\t<\/div>\n\t\t\t\t\t\t\t<\/div>\n\t\t\t\t<\/div>\n\t\t\t\t\t\t\t\t<\/div>\n\t\t\t\t<\/div>\n\t\t\t\t<\/div>\n\t\t<div class=\"elementor-element elementor-element-369fcc4 e-flex e-con-boxed e-con e-parent\" data-id=\"369fcc4\" data-element_type=\"container\">\n\t\t\t\t\t<div class=\"e-con-inner\">\n\t\t\t\t<div class=\"elementor-element elementor-element-dc6d661 elementor-widget elementor-widget-spacer\" data-id=\"dc6d661\" data-element_type=\"widget\" data-widget_type=\"spacer.default\">\n\t\t\t\t<div class=\"elementor-widget-container\">\n\t\t\t\t\t\t\t<div class=\"elementor-spacer\">\n\t\t\t<div class=\"elementor-spacer-inner\"><\/div>\n\t\t<\/div>\n\t\t\t\t\t\t<\/div>\n\t\t\t\t<\/div>\n\t\t\t\t<div class=\"elementor-element elementor-element-3c181fb elementor-widget__width-initial elementor-widget elementor-widget-heading\" data-id=\"3c181fb\" data-element_type=\"widget\" data-widget_type=\"heading.default\">\n\t\t\t\t<div class=\"elementor-widget-container\">\n\t\t\t\t\t<h2 class=\"elementor-heading-title elementor-size-default\"><span style=\"font-weight: normal\">AMBIENTE <\/span>LABORAL<br><span style=\"font-weight: normal\">Y<\/span><br><span style=\"font-style: inherit\"><span style=\"font-weight: normal\">FUENTES <\/span>FIJAS<\/span><\/h2>\t\t\t\t<\/div>\n\t\t\t\t<\/div>\n\t\t\t\t<div class=\"elementor-element elementor-element-51cf8ff elementor-widget elementor-widget-spacer\" data-id=\"51cf8ff\" data-element_type=\"widget\" data-widget_type=\"spacer.default\">\n\t\t\t\t<div class=\"elementor-widget-container\">\n\t\t\t\t\t\t\t<div class=\"elementor-spacer\">\n\t\t\t<div class=\"elementor-spacer-inner\"><\/div>\n\t\t<\/div>\n\t\t\t\t\t\t<\/div>\n\t\t\t\t<\/div>\n\t\t\t\t\t<\/div>\n\t\t\t\t<\/div>\n\t\t<div class=\"elementor-element elementor-element-acef7ba e-con-full e-flex e-con e-parent\" data-id=\"acef7ba\" data-element_type=\"container\" data-settings=\"{&quot;motion_fx_motion_fx_scrolling&quot;:&quot;yes&quot;,&quot;motion_fx_opacity_effect&quot;:&quot;yes&quot;,&quot;motion_fx_opacity_range&quot;:{&quot;unit&quot;:&quot;%&quot;,&quot;size&quot;:&quot;&quot;,&quot;sizes&quot;:{&quot;start&quot;:30,&quot;end&quot;:60}},&quot;motion_fx_devices&quot;:[&quot;desktop&quot;,&quot;tablet&quot;],&quot;motion_fx_opacity_direction&quot;:&quot;out-in&quot;,&quot;motion_fx_opacity_level&quot;:{&quot;unit&quot;:&quot;px&quot;,&quot;size&quot;:10,&quot;sizes&quot;:[]}}\">\n\t\t<div class=\"elementor-element elementor-element-f5dba7d e-con-full e-flex e-con e-child\" data-id=\"f5dba7d\" data-element_type=\"container\" data-settings=\"{&quot;shape_divider_top&quot;:&quot;opacity-fan&quot;}\">\n\t\t\t\t<div class=\"elementor-shape elementor-shape-top\" aria-hidden=\"true\" data-negative=\"false\">\n\t\t\t<svg xmlns=\"http:\/\/www.w3.org\/2000\/svg\" viewBox=\"0 0 283.5 19.6\" preserveAspectRatio=\"none\">\n\t<path class=\"elementor-shape-fill\" style=\"opacity:0.33\" d=\"M0 0L0 18.8 141.8 4.1 283.5 18.8 283.5 0z\"\/>\n\t<path class=\"elementor-shape-fill\" style=\"opacity:0.33\" d=\"M0 0L0 12.6 141.8 4 283.5 12.6 283.5 0z\"\/>\n\t<path class=\"elementor-shape-fill\" style=\"opacity:0.33\" d=\"M0 0L0 6.4 141.8 4 283.5 6.4 283.5 0z\"\/>\n\t<path class=\"elementor-shape-fill\" d=\"M0 0L0 1.2 141.8 4 283.5 1.2 283.5 0z\"\/>\n<\/svg>\t\t<\/div>\n\t\t\t\t<div class=\"elementor-element elementor-element-7e20a27 e-transform elementor-position-top elementor-widget elementor-widget-image-box\" data-id=\"7e20a27\" data-element_type=\"widget\" data-settings=\"{&quot;_transform_scale_effect_hover&quot;:{&quot;unit&quot;:&quot;px&quot;,&quot;size&quot;:&quot;&quot;,&quot;sizes&quot;:[]},&quot;_transform_scale_effect_hover_tablet&quot;:{&quot;unit&quot;:&quot;px&quot;,&quot;size&quot;:&quot;&quot;,&quot;sizes&quot;:[]},&quot;_transform_scale_effect_hover_mobile&quot;:{&quot;unit&quot;:&quot;px&quot;,&quot;size&quot;:&quot;&quot;,&quot;sizes&quot;:[]}}\" data-widget_type=\"image-box.default\">\n\t\t\t\t<div class=\"elementor-widget-container\">\n\t\t\t\t\t<div class=\"elementor-image-box-wrapper\"><figure class=\"elementor-image-box-img\"><a href=\"https:\/\/ipsa-consorcio.com\/index.php\/nom-025-stps-2008\/\" tabindex=\"-1\"><img fetchpriority=\"high\" decoding=\"async\" width=\"1920\" height=\"1080\" src=\"https:\/\/ipsa-consorcio.com\/wp-content\/uploads\/2025\/06\/Diseno-sin-titulo-47-1.jpg\" class=\"elementor-animation-grow attachment-full size-full wp-image-2109\" alt=\"\" srcset=\"https:\/\/ipsa-consorcio.com\/wp-content\/uploads\/2025\/06\/Diseno-sin-titulo-47-1.jpg 1920w, https:\/\/ipsa-consorcio.com\/wp-content\/uploads\/2025\/06\/Diseno-sin-titulo-47-1-300x169.jpg 300w, https:\/\/ipsa-consorcio.com\/wp-content\/uploads\/2025\/06\/Diseno-sin-titulo-47-1-1024x576.jpg 1024w, https:\/\/ipsa-consorcio.com\/wp-content\/uploads\/2025\/06\/Diseno-sin-titulo-47-1-768x432.jpg 768w, https:\/\/ipsa-consorcio.com\/wp-content\/uploads\/2025\/06\/Diseno-sin-titulo-47-1-1536x864.jpg 1536w\" sizes=\"(max-width: 1920px) 100vw, 1920px\" \/><\/a><\/figure><div class=\"elementor-image-box-content\"><h3 class=\"elementor-image-box-title\"><a href=\"https:\/\/ipsa-consorcio.com\/index.php\/nom-025-stps-2008\/\">Estudio de Iluminaci\u00f3n<\/a><\/h3><p class=\"elementor-image-box-description\">Conforme a la<br>NOM-025-STPS-2008.<\/p><\/div><\/div>\t\t\t\t<\/div>\n\t\t\t\t<\/div>\n\t\t\t\t<div class=\"elementor-element elementor-element-7cd1f61 elementor-widget elementor-widget-button\" data-id=\"7cd1f61\" data-element_type=\"widget\" data-widget_type=\"button.default\">\n\t\t\t\t<div class=\"elementor-widget-container\">\n\t\t\t\t\t\t\t\t\t<div class=\"elementor-button-wrapper\">\n\t\t\t\t\t<a class=\"elementor-button elementor-button-link elementor-size-sm\" href=\"https:\/\/ipsa-consorcio.com\/index.php\/nom-025-stps-2008\/\">\n\t\t\t\t\t\t<span class=\"elementor-button-content-wrapper\">\n\t\t\t\t\t\t\t\t\t<span class=\"elementor-button-text\">M\u00e1s informaci\u00f3n<\/span>\n\t\t\t\t\t<\/span>\n\t\t\t\t\t<\/a>\n\t\t\t\t<\/div>\n\t\t\t\t\t\t\t\t<\/div>\n\t\t\t\t<\/div>\n\t\t\t\t<\/div>\n\t\t<div class=\"elementor-element elementor-element-750a925 e-con-full e-flex e-con e-child\" data-id=\"750a925\" data-element_type=\"container\" data-settings=\"{&quot;shape_divider_top&quot;:&quot;opacity-fan&quot;}\">\n\t\t\t\t<div class=\"elementor-shape elementor-shape-top\" aria-hidden=\"true\" data-negative=\"false\">\n\t\t\t<svg xmlns=\"http:\/\/www.w3.org\/2000\/svg\" viewBox=\"0 0 283.5 19.6\" preserveAspectRatio=\"none\">\n\t<path class=\"elementor-shape-fill\" style=\"opacity:0.33\" d=\"M0 0L0 18.8 141.8 4.1 283.5 18.8 283.5 0z\"\/>\n\t<path class=\"elementor-shape-fill\" style=\"opacity:0.33\" d=\"M0 0L0 12.6 141.8 4 283.5 12.6 283.5 0z\"\/>\n\t<path class=\"elementor-shape-fill\" style=\"opacity:0.33\" d=\"M0 0L0 6.4 141.8 4 283.5 6.4 283.5 0z\"\/>\n\t<path class=\"elementor-shape-fill\" d=\"M0 0L0 1.2 141.8 4 283.5 1.2 283.5 0z\"\/>\n<\/svg>\t\t<\/div>\n\t\t\t\t<div class=\"elementor-element elementor-element-c0631d7 elementor-position-top elementor-widget elementor-widget-image-box\" data-id=\"c0631d7\" data-element_type=\"widget\" data-widget_type=\"image-box.default\">\n\t\t\t\t<div class=\"elementor-widget-container\">\n\t\t\t\t\t<div class=\"elementor-image-box-wrapper\"><figure class=\"elementor-image-box-img\"><a href=\"https:\/\/ipsa-consorcio.com\/index.php\/nom-022-stps-2015\/\" tabindex=\"-1\"><img decoding=\"async\" width=\"1920\" height=\"1080\" src=\"https:\/\/ipsa-consorcio.com\/wp-content\/uploads\/2025\/06\/El-texto-del-parraf-4.jpg\" class=\"elementor-animation-grow attachment-full size-full wp-image-1234\" alt=\"\" srcset=\"https:\/\/ipsa-consorcio.com\/wp-content\/uploads\/2025\/06\/El-texto-del-parraf-4.jpg 1920w, https:\/\/ipsa-consorcio.com\/wp-content\/uploads\/2025\/06\/El-texto-del-parraf-4-300x169.jpg 300w, https:\/\/ipsa-consorcio.com\/wp-content\/uploads\/2025\/06\/El-texto-del-parraf-4-1024x576.jpg 1024w, https:\/\/ipsa-consorcio.com\/wp-content\/uploads\/2025\/06\/El-texto-del-parraf-4-768x432.jpg 768w, https:\/\/ipsa-consorcio.com\/wp-content\/uploads\/2025\/06\/El-texto-del-parraf-4-1536x864.jpg 1536w\" sizes=\"(max-width: 1920px) 100vw, 1920px\" \/><\/a><\/figure><div class=\"elementor-image-box-content\"><h3 class=\"elementor-image-box-title\"><a href=\"https:\/\/ipsa-consorcio.com\/index.php\/nom-022-stps-2015\/\">Estudio de Tierras F\u00edsicas<\/a><\/h3><p class=\"elementor-image-box-description\">Conforme a la<br>NOM-022-STPS-2015.<\/p><\/div><\/div>\t\t\t\t<\/div>\n\t\t\t\t<\/div>\n\t\t\t\t<div class=\"elementor-element elementor-element-8c388bc elementor-widget elementor-widget-button\" data-id=\"8c388bc\" data-element_type=\"widget\" data-widget_type=\"button.default\">\n\t\t\t\t<div class=\"elementor-widget-container\">\n\t\t\t\t\t\t\t\t\t<div class=\"elementor-button-wrapper\">\n\t\t\t\t\t<a class=\"elementor-button elementor-button-link elementor-size-sm\" href=\"https:\/\/ipsa-consorcio.com\/index.php\/nom-022-stps-2015\/\">\n\t\t\t\t\t\t<span class=\"elementor-button-content-wrapper\">\n\t\t\t\t\t\t\t\t\t<span class=\"elementor-button-text\">M\u00e1s informaci\u00f3n<\/span>\n\t\t\t\t\t<\/span>\n\t\t\t\t\t<\/a>\n\t\t\t\t<\/div>\n\t\t\t\t\t\t\t\t<\/div>\n\t\t\t\t<\/div>\n\t\t\t\t<\/div>\n\t\t<div class=\"elementor-element elementor-element-9788702 e-con-full e-flex e-con e-child\" data-id=\"9788702\" data-element_type=\"container\" data-settings=\"{&quot;shape_divider_top&quot;:&quot;opacity-fan&quot;}\">\n\t\t\t\t<div class=\"elementor-shape elementor-shape-top\" aria-hidden=\"true\" data-negative=\"false\">\n\t\t\t<svg xmlns=\"http:\/\/www.w3.org\/2000\/svg\" viewBox=\"0 0 283.5 19.6\" preserveAspectRatio=\"none\">\n\t<path class=\"elementor-shape-fill\" style=\"opacity:0.33\" d=\"M0 0L0 18.8 141.8 4.1 283.5 18.8 283.5 0z\"\/>\n\t<path class=\"elementor-shape-fill\" style=\"opacity:0.33\" d=\"M0 0L0 12.6 141.8 4 283.5 12.6 283.5 0z\"\/>\n\t<path class=\"elementor-shape-fill\" style=\"opacity:0.33\" d=\"M0 0L0 6.4 141.8 4 283.5 6.4 283.5 0z\"\/>\n\t<path class=\"elementor-shape-fill\" d=\"M0 0L0 1.2 141.8 4 283.5 1.2 283.5 0z\"\/>\n<\/svg>\t\t<\/div>\n\t\t\t\t<div class=\"elementor-element elementor-element-9880bb5 elementor-position-top elementor-position-top elementor-widget elementor-widget-image-box\" data-id=\"9880bb5\" data-element_type=\"widget\" data-widget_type=\"image-box.default\">\n\t\t\t\t<div class=\"elementor-widget-container\">\n\t\t\t\t\t<div class=\"elementor-image-box-wrapper\"><figure class=\"elementor-image-box-img\"><a href=\"https:\/\/ipsa-consorcio.com\/index.php\/ruido\/\" tabindex=\"-1\"><img decoding=\"async\" width=\"1920\" height=\"1080\" src=\"https:\/\/ipsa-consorcio.com\/wp-content\/uploads\/2025\/06\/Diseno-sin-titulo-42.jpg\" class=\"elementor-animation-grow attachment-full size-full wp-image-2026\" alt=\"\" srcset=\"https:\/\/ipsa-consorcio.com\/wp-content\/uploads\/2025\/06\/Diseno-sin-titulo-42.jpg 1920w, https:\/\/ipsa-consorcio.com\/wp-content\/uploads\/2025\/06\/Diseno-sin-titulo-42-300x169.jpg 300w, https:\/\/ipsa-consorcio.com\/wp-content\/uploads\/2025\/06\/Diseno-sin-titulo-42-1024x576.jpg 1024w, https:\/\/ipsa-consorcio.com\/wp-content\/uploads\/2025\/06\/Diseno-sin-titulo-42-768x432.jpg 768w, https:\/\/ipsa-consorcio.com\/wp-content\/uploads\/2025\/06\/Diseno-sin-titulo-42-1536x864.jpg 1536w\" sizes=\"(max-width: 1920px) 100vw, 1920px\" \/><\/a><\/figure><div class=\"elementor-image-box-content\"><h3 class=\"elementor-image-box-title\"><a href=\"https:\/\/ipsa-consorcio.com\/index.php\/ruido\/\">Estudio de Ruido Perimetral y Laboral<\/a><\/h3><p class=\"elementor-image-box-description\">Conforme a:<br>NOM-081-SEMARNAT-1994,<br>NADF-005-AMBT-2013,<br>NOM-011-STPS-2001.<\/p><\/div><\/div>\t\t\t\t<\/div>\n\t\t\t\t<\/div>\n\t\t\t\t<div class=\"elementor-element elementor-element-c6609d0 elementor-widget elementor-widget-button\" data-id=\"c6609d0\" data-element_type=\"widget\" data-widget_type=\"button.default\">\n\t\t\t\t<div class=\"elementor-widget-container\">\n\t\t\t\t\t\t\t\t\t<div class=\"elementor-button-wrapper\">\n\t\t\t\t\t<a class=\"elementor-button elementor-button-link elementor-size-sm\" href=\"https:\/\/ipsa-consorcio.com\/index.php\/ruido\/\">\n\t\t\t\t\t\t<span class=\"elementor-button-content-wrapper\">\n\t\t\t\t\t\t\t\t\t<span class=\"elementor-button-text\">M\u00e1s informaci\u00f3n<\/span>\n\t\t\t\t\t<\/span>\n\t\t\t\t\t<\/a>\n\t\t\t\t<\/div>\n\t\t\t\t\t\t\t\t<\/div>\n\t\t\t\t<\/div>\n\t\t\t\t<\/div>\n\t\t\t\t<\/div>\n\t\t<div class=\"elementor-element elementor-element-a2abbe3 e-flex e-con-boxed e-con e-parent\" data-id=\"a2abbe3\" data-element_type=\"container\">\n\t\t\t\t\t<div class=\"e-con-inner\">\n\t\t\t\t<div class=\"elementor-element elementor-element-95b1807 elementor-widget elementor-widget-spacer\" data-id=\"95b1807\" data-element_type=\"widget\" data-widget_type=\"spacer.default\">\n\t\t\t\t<div class=\"elementor-widget-container\">\n\t\t\t\t\t\t\t<div class=\"elementor-spacer\">\n\t\t\t<div class=\"elementor-spacer-inner\"><\/div>\n\t\t<\/div>\n\t\t\t\t\t\t<\/div>\n\t\t\t\t<\/div>\n\t\t\t\t\t<\/div>\n\t\t\t\t<\/div>\n\t\t\t\t<\/div>\n\t\t","protected":false},"excerpt":{"rendered":"<p>Soluciones Integrales AMBIENTE LABORALYFUENTES FIJAS Estudio de Iluminaci\u00f3n Conforme a laNOM-025-STPS-2008. M\u00e1s informaci\u00f3n Estudio de Tierras F\u00edsicas Conforme a laNOM-022-STPS-2015. M\u00e1s informaci\u00f3n Estudio de Ruido Perimetral y Laboral Conforme a:NOM-081-SEMARNAT-1994,NADF-005-AMBT-2013,NOM-011-STPS-2001. M\u00e1s informaci\u00f3n<\/p>\n","protected":false},"author":1,"featured_media":0,"parent":0,"menu_order":0,"comment_status":"closed","ping_status":"closed","template":"","meta":{"footnotes":""},"class_list":["post-330","page","type-page","status-publish"],"_links":{"self":[{"href":"https:\/\/ipsa-consorcio.com\/index.php\/wp-json\/wp\/v2\/pages\/330","targetHints":{"allow":["GET"]}}],"collection":[{"href":"https:\/\/ipsa-consorcio.com\/index.php\/wp-json\/wp\/v2\/pages"}],"about":[{"href":"https:\/\/ipsa-consorcio.com\/index.php\/wp-json\/wp\/v2\/types\/page"}],"author":[{"embeddable":true,"href":"https:\/\/ipsa-consorcio.com\/index.php\/wp-json\/wp\/v2\/users\/1"}],"replies":[{"embeddable":true,"href":"https:\/\/ipsa-consorcio.com\/index.php\/wp-json\/wp\/v2\/comments?post=330"}],"version-history":[{"count":232,"href":"https:\/\/ipsa-consorcio.com\/index.php\/wp-json\/wp\/v2\/pages\/330\/revisions"}],"predecessor-version":[{"id":2311,"href":"https:\/\/ipsa-consorcio.com\/index.php\/wp-json\/wp\/v2\/pages\/330\/revisions\/2311"}],"wp:attachment":[{"href":"https:\/\/ipsa-consorcio.com\/index.php\/wp-json\/wp\/v2\/media?parent=330"}],"curies":[{"name":"wp","href":"https:\/\/api.w.org\/{rel}","templated":true}]}}