{"id":784,"date":"2025-05-30T16:50:14","date_gmt":"2025-05-30T16:50:14","guid":{"rendered":"https:\/\/ipsa-consorcio.com\/?page_id=784"},"modified":"2025-06-13T19:08:59","modified_gmt":"2025-06-13T19:08:59","slug":"nom-025-stps-2008","status":"publish","type":"page","link":"https:\/\/ipsa-consorcio.com\/index.php\/nom-025-stps-2008\/","title":{"rendered":"Estudio de Iluminaci\u00f3n NOM-025"},"content":{"rendered":"\t\t<div data-elementor-type=\"wp-page\" data-elementor-id=\"784\" class=\"elementor elementor-784\" data-elementor-post-type=\"page\">\n\t\t\t\t<div class=\"elementor-element elementor-element-d23c385 e-con-full e-flex e-con e-parent\" data-id=\"d23c385\" data-element_type=\"container\">\n\t\t\t\t<div class=\"elementor-element elementor-element-eb0678c elementor--h-position-center elementor--v-position-middle elementor-arrows-position-inside elementor-pagination-position-inside elementor-widget elementor-widget-slides\" data-id=\"eb0678c\" data-element_type=\"widget\" data-settings=\"{&quot;navigation&quot;:&quot;both&quot;,&quot;autoplay&quot;:&quot;yes&quot;,&quot;pause_on_hover&quot;:&quot;yes&quot;,&quot;pause_on_interaction&quot;:&quot;yes&quot;,&quot;autoplay_speed&quot;:5000,&quot;infinite&quot;:&quot;yes&quot;,&quot;transition&quot;:&quot;slide&quot;,&quot;transition_speed&quot;:500}\" data-widget_type=\"slides.default\">\n\t\t\t\t<div class=\"elementor-widget-container\">\n\t\t\t\t\t\t\t\t\t<div class=\"elementor-swiper\">\n\t\t\t\t\t<div class=\"elementor-slides-wrapper elementor-main-swiper swiper\" role=\"region\" aria-roledescription=\"carousel\" aria-label=\"Diapositivas\" dir=\"ltr\" data-animation=\"fadeInUp\">\n\t\t\t\t<div class=\"swiper-wrapper elementor-slides\">\n\t\t\t\t\t\t\t\t\t\t<div class=\"elementor-repeater-item-0c060de swiper-slide\" role=\"group\" aria-roledescription=\"slide\"><div class=\"swiper-slide-bg\" role=\"img\"><\/div><div class=\"swiper-slide-inner\" ><div class=\"swiper-slide-contents\"><div class=\"elementor-slide-heading\">ESTUDIO DE ILUMINACI\u00d3N<\/div><div class=\"elementor-slide-description\">Realizamos estudios de iluminaci\u00f3n conforme a la NOM-025-STPS-2008 para garantizar niveles adecuados de luz en el trabajo, ayudando a cumplir la norma, prevenir fatiga visual y evitar sanciones.\n\n\n\n\n<\/div><a href=\"https:\/\/ipsa-consorcio.com\/wp-content\/uploads\/2025\/06\/EMA-AMBIENTE-LABORAL-25LP1295.pdf\" target=\"_blank\" class=\"elementor-button elementor-slide-button elementor-size-md\">Ver Acreditaci\u00f3n<\/a><\/div><\/div><\/div>\t\t\t\t<\/div>\n\t\t\t\t\t\t\t<\/div>\n\t\t\t\t<\/div>\n\t\t\t\t\t\t\t\t<\/div>\n\t\t\t\t<\/div>\n\t\t\t\t<\/div>\n\t\t<div class=\"elementor-element elementor-element-0e412fa e-flex e-con-boxed e-con e-parent\" data-id=\"0e412fa\" data-element_type=\"container\">\n\t\t\t\t\t<div class=\"e-con-inner\">\n\t\t<div class=\"elementor-element elementor-element-3997d31 e-con-full e-flex e-con e-child\" data-id=\"3997d31\" data-element_type=\"container\">\n\t\t\t\t<div class=\"elementor-element elementor-element-c7dd4ef elementor-widget elementor-widget-spacer\" data-id=\"c7dd4ef\" data-element_type=\"widget\" data-widget_type=\"spacer.default\">\n\t\t\t\t<div class=\"elementor-widget-container\">\n\t\t\t\t\t\t\t<div class=\"elementor-spacer\">\n\t\t\t<div class=\"elementor-spacer-inner\"><\/div>\n\t\t<\/div>\n\t\t\t\t\t\t<\/div>\n\t\t\t\t<\/div>\n\t\t\t\t<div class=\"elementor-element elementor-element-aa5bd3b elementor-widget elementor-widget-image-box\" data-id=\"aa5bd3b\" data-element_type=\"widget\" data-widget_type=\"image-box.default\">\n\t\t\t\t<div class=\"elementor-widget-container\">\n\t\t\t\t\t<div class=\"elementor-image-box-wrapper\"><div class=\"elementor-image-box-content\"><h3 class=\"elementor-image-box-title\">Estudio de Iluminaci\u00f3n conforme a la NOM-025-STPS-2008<\/h3><p class=\"elementor-image-box-description\">En <b>IPSA<\/b> realizamos <b>Estudios de Iluminaci\u00f3n<\/b> en centros de trabajo para garantizar condiciones seguras, saludables y productivas, en cumplimiento con la<b> NOM-025-STPS-2008<\/b>, aplicable a todos los centros de trabajo en M\u00e9xico.<br><br>La <strong data-start=\"256\" data-end=\"277\">NOM-025-STPS-2008<\/strong> establece los niveles m\u00ednimos de iluminaci\u00f3n que deben cumplirse en los centros de trabajo para garantizar un ambiente seguro, saludable y eficiente. Esta norma busca prevenir problemas como fatiga visual, accidentes y errores derivados de una iluminaci\u00f3n inadecuada, aplic\u00e1ndose en todos los centros laborales de M\u00e9xico.\n<br><br>\n<b>\u00bfQu\u00e9 incluye el estudio?<br>\n<br>\n1. Reconocimiento de condiciones de iluminaci\u00f3n<br><br><\/b>\nIdentificamos las \u00e1reas de trabajo y las tareas que requieren atenci\u00f3n visual espec\u00edfica. Se detectan zonas con iluminaci\u00f3n deficiente o con deslumbramientos que puedan poner en riesgo la salud o el desempe\u00f1o de los trabajadores.<br>\n<br>\n<b>2. Evaluaci\u00f3n t\u00e9cnica<br><\/b><br>\nMedimos los niveles de iluminaci\u00f3n en cada \u00e1rea y puesto de trabajo, as\u00ed como el factor de reflexi\u00f3n en superficies cercanas (como paredes y planos de trabajo), asegurando condiciones \u00f3ptimas.\n<br><br>\n<b>3. Reporte del estudio<br><\/b><br>\nAl finalizar, entregamos un informe t\u00e9cnico detallado con los datos obtenidos, an\u00e1lisis, cumplimiento respecto a la norma y recomendaciones en caso de detectar desviaciones.\n\n\nSolicita tu estudio con IPSA Consorcio y asegura un entorno laboral bien iluminado y en conformidad con la norma.\n\n<br><br>\nNo pongas en riesgo a tu empresa ni a tu personal. <strong data-start=\"1361\" data-end=\"1497\">Agenda hoy mismo tu Estudio de Iluminaci\u00f3n con IPSA Consorcio y transforma tus espacios de trabajo en entornos seguros y eficientes.<\/strong>\n\n<\/p><\/div><\/div>\t\t\t\t<\/div>\n\t\t\t\t<\/div>\n\t\t\t\t<\/div>\n\t\t\t\t<div class=\"elementor-element elementor-element-30d8e89 elementor-widget elementor-widget-spacer\" data-id=\"30d8e89\" data-element_type=\"widget\" data-widget_type=\"spacer.default\">\n\t\t\t\t<div class=\"elementor-widget-container\">\n\t\t\t\t\t\t\t<div class=\"elementor-spacer\">\n\t\t\t<div class=\"elementor-spacer-inner\"><\/div>\n\t\t<\/div>\n\t\t\t\t\t\t<\/div>\n\t\t\t\t<\/div>\n\t\t<div class=\"elementor-element elementor-element-402344e e-con-full e-flex e-con e-child\" data-id=\"402344e\" data-element_type=\"container\">\n\t\t\t\t<div class=\"elementor-element elementor-element-3adc6dd elementor-widget elementor-widget-spacer\" data-id=\"3adc6dd\" data-element_type=\"widget\" data-widget_type=\"spacer.default\">\n\t\t\t\t<div class=\"elementor-widget-container\">\n\t\t\t\t\t\t\t<div class=\"elementor-spacer\">\n\t\t\t<div class=\"elementor-spacer-inner\"><\/div>\n\t\t<\/div>\n\t\t\t\t\t\t<\/div>\n\t\t\t\t<\/div>\n\t\t\t\t<div class=\"elementor-element elementor-element-7e7fd32 elementor-button-align-center elementor-widget elementor-widget-form\" data-id=\"7e7fd32\" data-element_type=\"widget\" data-settings=\"{&quot;button_width&quot;:&quot;80&quot;,&quot;step_next_label&quot;:&quot;Siguiente&quot;,&quot;step_previous_label&quot;:&quot;Anterior&quot;,&quot;step_type&quot;:&quot;number_text&quot;,&quot;step_icon_shape&quot;:&quot;circle&quot;}\" data-widget_type=\"form.default\">\n\t\t\t\t<div class=\"elementor-widget-container\">\n\t\t\t\t\t\t\t<form class=\"elementor-form\" method=\"post\" name=\"Nuevo formulario\">\n\t\t\t<input type=\"hidden\" name=\"post_id\" value=\"784\"\/>\n\t\t\t<input type=\"hidden\" name=\"form_id\" value=\"7e7fd32\"\/>\n\t\t\t<input type=\"hidden\" name=\"referer_title\" value=\"\" \/>\n\n\t\t\t\n\t\t\t<div class=\"elementor-form-fields-wrapper elementor-labels-above\">\n\t\t\t\t\t\t\t\t<div class=\"elementor-field-type-text elementor-field-group elementor-column elementor-field-group-name elementor-col-40 elementor-field-required elementor-mark-required\">\n\t\t\t\t\t\t\t\t\t\t\t\t<label for=\"form-field-name\" class=\"elementor-field-label\">\n\t\t\t\t\t\t\t\tNombre\t\t\t\t\t\t\t<\/label>\n\t\t\t\t\t\t\t\t\t\t\t\t\t\t<input size=\"1\" type=\"text\" name=\"form_fields[name]\" id=\"form-field-name\" class=\"elementor-field elementor-size-sm  elementor-field-textual\" required=\"required\">\n\t\t\t\t\t\t\t\t\t\t\t<\/div>\n\t\t\t\t\t\t\t\t<div class=\"elementor-field-type-text elementor-field-group elementor-column elementor-field-group-field_e17c13f elementor-col-40 elementor-field-required elementor-mark-required\">\n\t\t\t\t\t\t\t\t\t\t\t\t<label for=\"form-field-field_e17c13f\" class=\"elementor-field-label\">\n\t\t\t\t\t\t\t\tApellidos\t\t\t\t\t\t\t<\/label>\n\t\t\t\t\t\t\t\t\t\t\t\t\t\t<input size=\"1\" type=\"text\" name=\"form_fields[field_e17c13f]\" id=\"form-field-field_e17c13f\" class=\"elementor-field elementor-size-sm  elementor-field-textual\" required=\"required\">\n\t\t\t\t\t\t\t\t\t\t\t<\/div>\n\t\t\t\t\t\t\t\t<div class=\"elementor-field-type-tel elementor-field-group elementor-column elementor-field-group-field_3669d3c elementor-col-80 elementor-field-required elementor-mark-required\">\n\t\t\t\t\t\t\t\t\t\t\t\t<label for=\"form-field-field_3669d3c\" class=\"elementor-field-label\">\n\t\t\t\t\t\t\t\tTel\u00e9fono\t\t\t\t\t\t\t<\/label>\n\t\t\t\t\t\t\t\t<input size=\"1\" type=\"tel\" name=\"form_fields[field_3669d3c]\" id=\"form-field-field_3669d3c\" class=\"elementor-field elementor-size-sm  elementor-field-textual\" required=\"required\" pattern=\"[0-9()#&amp;+*-=.]+\" title=\"Solo se aceptan n\u00fameros y caracteres de tel\u00e9fono (#,-,*,etc).\">\n\n\t\t\t\t\t\t<\/div>\n\t\t\t\t\t\t\t\t<div class=\"elementor-field-type-email elementor-field-group elementor-column elementor-field-group-field_ca9accd elementor-col-80 elementor-field-required elementor-mark-required\">\n\t\t\t\t\t\t\t\t\t\t\t\t<label for=\"form-field-field_ca9accd\" class=\"elementor-field-label\">\n\t\t\t\t\t\t\t\tEmail\t\t\t\t\t\t\t<\/label>\n\t\t\t\t\t\t\t\t\t\t\t\t\t\t<input size=\"1\" type=\"email\" name=\"form_fields[field_ca9accd]\" id=\"form-field-field_ca9accd\" class=\"elementor-field elementor-size-sm  elementor-field-textual\" required=\"required\">\n\t\t\t\t\t\t\t\t\t\t\t<\/div>\n\t\t\t\t\t\t\t\t<div class=\"elementor-field-type-text elementor-field-group elementor-column elementor-field-group-field_6d9b0a8 elementor-col-80 elementor-field-required elementor-mark-required\">\n\t\t\t\t\t\t\t\t\t\t\t\t<label for=\"form-field-field_6d9b0a8\" class=\"elementor-field-label\">\n\t\t\t\t\t\t\t\t\u00bfQu\u00e9 duda desea aclarar?\t\t\t\t\t\t\t<\/label>\n\t\t\t\t\t\t\t\t\t\t\t\t\t\t<input size=\"1\" type=\"text\" name=\"form_fields[field_6d9b0a8]\" id=\"form-field-field_6d9b0a8\" class=\"elementor-field elementor-size-sm  elementor-field-textual\" required=\"required\">\n\t\t\t\t\t\t\t\t\t\t\t<\/div>\n\t\t\t\t\t\t\t\t<div class=\"elementor-field-type-text elementor-field-group elementor-column elementor-field-group-message elementor-col-80 elementor-field-required elementor-mark-required\">\n\t\t\t\t\t\t\t\t\t\t\t\t<label for=\"form-field-message\" class=\"elementor-field-label\">\n\t\t\t\t\t\t\t\tMensaje\t\t\t\t\t\t\t<\/label>\n\t\t\t\t\t\t\t\t\t\t\t\t\t\t<input size=\"1\" type=\"text\" name=\"form_fields[message]\" id=\"form-field-message\" class=\"elementor-field elementor-size-sm  elementor-field-textual\" required=\"required\">\n\t\t\t\t\t\t\t\t\t\t\t<\/div>\n\t\t\t\t\t\t\t\t<div class=\"elementor-field-group elementor-column elementor-field-type-submit elementor-col-80 e-form__buttons\">\n\t\t\t\t\t<button class=\"elementor-button elementor-size-sm\" type=\"submit\">\n\t\t\t\t\t\t<span class=\"elementor-button-content-wrapper\">\n\t\t\t\t\t\t\t\t\t\t\t\t\t\t\t\t\t\t\t\t\t\t<span class=\"elementor-button-text\">Enviar<\/span>\n\t\t\t\t\t\t\t\t\t\t\t\t\t<\/span>\n\t\t\t\t\t<\/button>\n\t\t\t\t<\/div>\n\t\t\t<\/div>\n\t\t<\/form>\n\t\t\t\t\t\t<\/div>\n\t\t\t\t<\/div>\n\t\t\t\t<\/div>\n\t\t\t\t\t<\/div>\n\t\t\t\t<\/div>\n\t\t\t\t<\/div>\n\t\t","protected":false},"excerpt":{"rendered":"<p>ESTUDIO DE ILUMINACI\u00d3NRealizamos estudios de iluminaci\u00f3n conforme a la NOM-025-STPS-2008 para garantizar niveles adecuados de luz en el trabajo, ayudando a cumplir la norma, prevenir fatiga visual y evitar sanciones. Ver Acreditaci\u00f3n Estudio de Iluminaci\u00f3n conforme a la NOM-025-STPS-2008 En IPSA realizamos Estudios de Iluminaci\u00f3n en centros de trabajo para garantizar condiciones seguras, saludables y &#8230; <a title=\"Estudio de Iluminaci\u00f3n NOM-025\" class=\"read-more\" href=\"https:\/\/ipsa-consorcio.com\/index.php\/nom-025-stps-2008\/\" aria-label=\"Leer m\u00e1s sobre Estudio de Iluminaci\u00f3n NOM-025\">Leer m\u00e1s<\/a><\/p>\n","protected":false},"author":1,"featured_media":0,"parent":0,"menu_order":0,"comment_status":"closed","ping_status":"closed","template":"","meta":{"footnotes":""},"class_list":["post-784","page","type-page","status-publish"],"_links":{"self":[{"href":"https:\/\/ipsa-consorcio.com\/index.php\/wp-json\/wp\/v2\/pages\/784","targetHints":{"allow":["GET"]}}],"collection":[{"href":"https:\/\/ipsa-consorcio.com\/index.php\/wp-json\/wp\/v2\/pages"}],"about":[{"href":"https:\/\/ipsa-consorcio.com\/index.php\/wp-json\/wp\/v2\/types\/page"}],"author":[{"embeddable":true,"href":"https:\/\/ipsa-consorcio.com\/index.php\/wp-json\/wp\/v2\/users\/1"}],"replies":[{"embeddable":true,"href":"https:\/\/ipsa-consorcio.com\/index.php\/wp-json\/wp\/v2\/comments?post=784"}],"version-history":[{"count":68,"href":"https:\/\/ipsa-consorcio.com\/index.php\/wp-json\/wp\/v2\/pages\/784\/revisions"}],"predecessor-version":[{"id":2104,"href":"https:\/\/ipsa-consorcio.com\/index.php\/wp-json\/wp\/v2\/pages\/784\/revisions\/2104"}],"wp:attachment":[{"href":"https:\/\/ipsa-consorcio.com\/index.php\/wp-json\/wp\/v2\/media?parent=784"}],"curies":[{"name":"wp","href":"https:\/\/api.w.org\/{rel}","templated":true}]}}