{"id":922,"date":"2025-05-30T21:38:26","date_gmt":"2025-05-30T21:38:26","guid":{"rendered":"https:\/\/ipsa-consorcio.com\/?page_id=922"},"modified":"2025-11-03T22:33:00","modified_gmt":"2025-11-03T22:33:00","slug":"nom-022-stps-2015","status":"publish","type":"page","link":"https:\/\/ipsa-consorcio.com\/index.php\/nom-022-stps-2015\/","title":{"rendered":"Estudio de Electricidad Est\u00e1tica NOM-022"},"content":{"rendered":"\t\t<div data-elementor-type=\"wp-page\" data-elementor-id=\"922\" class=\"elementor elementor-922\" data-elementor-post-type=\"page\">\n\t\t\t\t<div class=\"elementor-element elementor-element-cfd65fc e-con-full e-flex e-con e-parent\" data-id=\"cfd65fc\" data-element_type=\"container\">\n\t\t\t\t<div class=\"elementor-element elementor-element-5f12f52 elementor--h-position-center elementor--v-position-middle elementor-arrows-position-inside elementor-pagination-position-inside elementor-widget elementor-widget-slides\" data-id=\"5f12f52\" data-element_type=\"widget\" data-settings=\"{&quot;navigation&quot;:&quot;both&quot;,&quot;autoplay&quot;:&quot;yes&quot;,&quot;pause_on_hover&quot;:&quot;yes&quot;,&quot;pause_on_interaction&quot;:&quot;yes&quot;,&quot;autoplay_speed&quot;:5000,&quot;infinite&quot;:&quot;yes&quot;,&quot;transition&quot;:&quot;slide&quot;,&quot;transition_speed&quot;:500}\" data-widget_type=\"slides.default\">\n\t\t\t\t<div class=\"elementor-widget-container\">\n\t\t\t\t\t\t\t\t\t<div class=\"elementor-swiper\">\n\t\t\t\t\t<div class=\"elementor-slides-wrapper elementor-main-swiper swiper\" role=\"region\" aria-roledescription=\"carousel\" aria-label=\"Diapositivas\" dir=\"ltr\" data-animation=\"fadeInUp\">\n\t\t\t\t<div class=\"swiper-wrapper elementor-slides\">\n\t\t\t\t\t\t\t\t\t\t<div class=\"elementor-repeater-item-fde8542 swiper-slide\" role=\"group\" aria-roledescription=\"slide\"><div class=\"swiper-slide-bg\" role=\"img\"><\/div><div class=\"swiper-slide-inner\" ><div class=\"swiper-slide-contents\"><div class=\"elementor-slide-heading\">Estudio de Tierras F\u00edsicas<\/div><div class=\"elementor-slide-description\">Realizamos estudios de electricidad est\u00e1tica conforme a la NOM-022-STPS-2015 para evaluar sistemas de tierras y continuidad, ayudando a prevenir descargas el\u00e9ctricas, proteger al personal y cumplir con la normativa vigente.<\/div><a href=\"https:\/\/ipsa-consorcio.com\/wp-content\/uploads\/2025\/06\/EMA-AMBIENTE-LABORAL-25LP1295.pdf\" target=\"_blank\" class=\"elementor-button elementor-slide-button elementor-size-sm\">Ver Acreditaci\u00f3n<\/a><\/div><\/div><\/div>\t\t\t\t<\/div>\n\t\t\t\t\t\t\t<\/div>\n\t\t\t\t<\/div>\n\t\t\t\t\t\t\t\t<\/div>\n\t\t\t\t<\/div>\n\t\t\t\t<\/div>\n\t\t<div class=\"elementor-element elementor-element-1081cbd e-flex e-con-boxed e-con e-parent\" data-id=\"1081cbd\" data-element_type=\"container\">\n\t\t\t\t\t<div class=\"e-con-inner\">\n\t\t<div class=\"elementor-element elementor-element-e615738 e-con-full e-flex e-con e-child\" data-id=\"e615738\" data-element_type=\"container\">\n\t\t\t\t<div class=\"elementor-element elementor-element-1b5555d elementor-widget elementor-widget-spacer\" data-id=\"1b5555d\" data-element_type=\"widget\" data-widget_type=\"spacer.default\">\n\t\t\t\t<div class=\"elementor-widget-container\">\n\t\t\t\t\t\t\t<div class=\"elementor-spacer\">\n\t\t\t<div class=\"elementor-spacer-inner\"><\/div>\n\t\t<\/div>\n\t\t\t\t\t\t<\/div>\n\t\t\t\t<\/div>\n\t\t\t\t<div class=\"elementor-element elementor-element-ea448a2 elementor-widget elementor-widget-image-box\" data-id=\"ea448a2\" data-element_type=\"widget\" data-widget_type=\"image-box.default\">\n\t\t\t\t<div class=\"elementor-widget-container\">\n\t\t\t\t\t<div class=\"elementor-image-box-wrapper\"><div class=\"elementor-image-box-content\"><h3 class=\"elementor-image-box-title\">Estudio de Tierras F\u00edsicas conforme a la NOM-022-STPS-2015<\/h3><p class=\"elementor-image-box-description\">La <b>NOM-022-STPS-2015 <\/b>establece las condiciones de seguridad para prevenir riesgos derivados de la generaci\u00f3n y acumulaci\u00f3n de electricidad est\u00e1tica en los centros de trabajo, incluyendo la protecci\u00f3n ante descargas el\u00e9ctricas y atmosf\u00e9ricas que pueden afectar tanto al personal como a la infraestructura.<br><br>\n\nEn<b> IPSA Consorcio<\/b> evaluamos los sistemas de puesta a tierra y continuidad el\u00e9ctrica para ayudarte a cumplir con la normativa, evitar accidentes y proteger tus instalaciones.<br><br>\n\n<b>\u00bfQu\u00e9 incluye nuestro estudio?<br><br>\n\n1. Reconocimiento de puntos de evaluaci\u00f3n<br><\/b><br>\nSolicitamos el plano de distribuci\u00f3n de electrodos y pararrayos; si no est\u00e1 disponible, realizamos un recorrido para ubicar cada punto clave dentro del centro de trabajo.<br><br>\n<b>2. Evaluaci\u00f3n t\u00e9cnica<br><\/b><br>\nAplicamos el m\u00e9todo de ca\u00edda de tensi\u00f3n utilizando medidores especializados para determinar la resistencia el\u00e9ctrica y la continuidad entre las fuentes generadoras y sus electrodos.<br><br>\n<b>3. Reporte profesional<br><\/b><br>\nEntregamos un informe completo con los resultados, an\u00e1lisis de cumplimiento y recomendaciones para mejorar la seguridad del sistema de tierras.<br><br><br><article dir=\"auto\" data-testid=\"conversation-turn-56\" data-scroll-anchor=\"false\"><div><div tabindex=\"-1\"><div><div><div><div data-message-author-role=\"assistant\" data-message-id=\"dd16ca3d-5a23-4fe8-8795-fc35828c7673\" dir=\"auto\" data-message-model-slug=\"gpt-4o\"><div><div><p data-start=\"1617\" data-end=\"1724\" data-is-last-node=\"\" data-is-only-node=\"\"><strong data-start=\"1617\" data-end=\"1724\" data-is-last-node=\"\">Asegura un entorno laboral seguro y conforme a la ley. <\/strong><\/p><\/div><\/div><\/div><\/div><\/div><\/div><\/div><\/div><\/article><\/p><\/div><\/div>\t\t\t\t<\/div>\n\t\t\t\t<\/div>\n\t\t\t\t<\/div>\n\t\t\t\t<div class=\"elementor-element elementor-element-1fd363d elementor-widget elementor-widget-spacer\" data-id=\"1fd363d\" data-element_type=\"widget\" data-widget_type=\"spacer.default\">\n\t\t\t\t<div class=\"elementor-widget-container\">\n\t\t\t\t\t\t\t<div class=\"elementor-spacer\">\n\t\t\t<div class=\"elementor-spacer-inner\"><\/div>\n\t\t<\/div>\n\t\t\t\t\t\t<\/div>\n\t\t\t\t<\/div>\n\t\t<div class=\"elementor-element elementor-element-876626e e-con-full e-flex e-con e-child\" data-id=\"876626e\" data-element_type=\"container\">\n\t\t\t\t<div class=\"elementor-element elementor-element-90006c1 elementor-widget elementor-widget-spacer\" data-id=\"90006c1\" data-element_type=\"widget\" data-widget_type=\"spacer.default\">\n\t\t\t\t<div class=\"elementor-widget-container\">\n\t\t\t\t\t\t\t<div class=\"elementor-spacer\">\n\t\t\t<div class=\"elementor-spacer-inner\"><\/div>\n\t\t<\/div>\n\t\t\t\t\t\t<\/div>\n\t\t\t\t<\/div>\n\t\t\t\t<div class=\"elementor-element elementor-element-c2e4021 elementor-button-align-center elementor-widget elementor-widget-form\" data-id=\"c2e4021\" data-element_type=\"widget\" data-settings=\"{&quot;button_width&quot;:&quot;80&quot;,&quot;step_next_label&quot;:&quot;Siguiente&quot;,&quot;step_previous_label&quot;:&quot;Anterior&quot;,&quot;step_type&quot;:&quot;number_text&quot;,&quot;step_icon_shape&quot;:&quot;circle&quot;}\" data-widget_type=\"form.default\">\n\t\t\t\t<div class=\"elementor-widget-container\">\n\t\t\t\t\t\t\t<form class=\"elementor-form\" method=\"post\" name=\"Nuevo formulario\">\n\t\t\t<input type=\"hidden\" name=\"post_id\" value=\"922\"\/>\n\t\t\t<input type=\"hidden\" name=\"form_id\" value=\"c2e4021\"\/>\n\t\t\t<input type=\"hidden\" name=\"referer_title\" value=\"\" \/>\n\n\t\t\t\n\t\t\t<div class=\"elementor-form-fields-wrapper elementor-labels-above\">\n\t\t\t\t\t\t\t\t<div class=\"elementor-field-type-text elementor-field-group elementor-column elementor-field-group-name elementor-col-40 elementor-field-required elementor-mark-required\">\n\t\t\t\t\t\t\t\t\t\t\t\t<label for=\"form-field-name\" class=\"elementor-field-label\">\n\t\t\t\t\t\t\t\tNombre\t\t\t\t\t\t\t<\/label>\n\t\t\t\t\t\t\t\t\t\t\t\t\t\t<input size=\"1\" type=\"text\" name=\"form_fields[name]\" id=\"form-field-name\" class=\"elementor-field elementor-size-sm  elementor-field-textual\" required=\"required\">\n\t\t\t\t\t\t\t\t\t\t\t<\/div>\n\t\t\t\t\t\t\t\t<div class=\"elementor-field-type-text elementor-field-group elementor-column elementor-field-group-field_e17c13f elementor-col-40 elementor-field-required elementor-mark-required\">\n\t\t\t\t\t\t\t\t\t\t\t\t<label for=\"form-field-field_e17c13f\" class=\"elementor-field-label\">\n\t\t\t\t\t\t\t\tApellidos\t\t\t\t\t\t\t<\/label>\n\t\t\t\t\t\t\t\t\t\t\t\t\t\t<input size=\"1\" type=\"text\" name=\"form_fields[field_e17c13f]\" id=\"form-field-field_e17c13f\" class=\"elementor-field elementor-size-sm  elementor-field-textual\" required=\"required\">\n\t\t\t\t\t\t\t\t\t\t\t<\/div>\n\t\t\t\t\t\t\t\t<div class=\"elementor-field-type-tel elementor-field-group elementor-column elementor-field-group-field_3669d3c elementor-col-80 elementor-field-required elementor-mark-required\">\n\t\t\t\t\t\t\t\t\t\t\t\t<label for=\"form-field-field_3669d3c\" class=\"elementor-field-label\">\n\t\t\t\t\t\t\t\tTel\u00e9fono\t\t\t\t\t\t\t<\/label>\n\t\t\t\t\t\t\t\t<input size=\"1\" type=\"tel\" name=\"form_fields[field_3669d3c]\" id=\"form-field-field_3669d3c\" class=\"elementor-field elementor-size-sm  elementor-field-textual\" required=\"required\" pattern=\"[0-9()#&amp;+*-=.]+\" title=\"Solo se aceptan n\u00fameros y caracteres de tel\u00e9fono (#,-,*,etc).\">\n\n\t\t\t\t\t\t<\/div>\n\t\t\t\t\t\t\t\t<div class=\"elementor-field-type-email elementor-field-group elementor-column elementor-field-group-field_ca9accd elementor-col-80 elementor-field-required elementor-mark-required\">\n\t\t\t\t\t\t\t\t\t\t\t\t<label for=\"form-field-field_ca9accd\" class=\"elementor-field-label\">\n\t\t\t\t\t\t\t\tEmail\t\t\t\t\t\t\t<\/label>\n\t\t\t\t\t\t\t\t\t\t\t\t\t\t<input size=\"1\" type=\"email\" name=\"form_fields[field_ca9accd]\" id=\"form-field-field_ca9accd\" class=\"elementor-field elementor-size-sm  elementor-field-textual\" required=\"required\">\n\t\t\t\t\t\t\t\t\t\t\t<\/div>\n\t\t\t\t\t\t\t\t<div class=\"elementor-field-type-text elementor-field-group elementor-column elementor-field-group-field_6d9b0a8 elementor-col-80 elementor-field-required elementor-mark-required\">\n\t\t\t\t\t\t\t\t\t\t\t\t<label for=\"form-field-field_6d9b0a8\" class=\"elementor-field-label\">\n\t\t\t\t\t\t\t\t\u00bfQu\u00e9 duda desea aclarar?\t\t\t\t\t\t\t<\/label>\n\t\t\t\t\t\t\t\t\t\t\t\t\t\t<input size=\"1\" type=\"text\" name=\"form_fields[field_6d9b0a8]\" id=\"form-field-field_6d9b0a8\" class=\"elementor-field elementor-size-sm  elementor-field-textual\" required=\"required\">\n\t\t\t\t\t\t\t\t\t\t\t<\/div>\n\t\t\t\t\t\t\t\t<div class=\"elementor-field-type-text elementor-field-group elementor-column elementor-field-group-message elementor-col-80 elementor-field-required elementor-mark-required\">\n\t\t\t\t\t\t\t\t\t\t\t\t<label for=\"form-field-message\" class=\"elementor-field-label\">\n\t\t\t\t\t\t\t\tMensaje\t\t\t\t\t\t\t<\/label>\n\t\t\t\t\t\t\t\t\t\t\t\t\t\t<input size=\"1\" type=\"text\" name=\"form_fields[message]\" id=\"form-field-message\" class=\"elementor-field elementor-size-sm  elementor-field-textual\" required=\"required\">\n\t\t\t\t\t\t\t\t\t\t\t<\/div>\n\t\t\t\t\t\t\t\t<div class=\"elementor-field-group elementor-column elementor-field-type-submit elementor-col-80 e-form__buttons\">\n\t\t\t\t\t<button class=\"elementor-button elementor-size-sm\" type=\"submit\">\n\t\t\t\t\t\t<span class=\"elementor-button-content-wrapper\">\n\t\t\t\t\t\t\t\t\t\t\t\t\t\t\t\t\t\t\t\t\t\t<span class=\"elementor-button-text\">Enviar<\/span>\n\t\t\t\t\t\t\t\t\t\t\t\t\t<\/span>\n\t\t\t\t\t<\/button>\n\t\t\t\t<\/div>\n\t\t\t<\/div>\n\t\t<\/form>\n\t\t\t\t\t\t<\/div>\n\t\t\t\t<\/div>\n\t\t\t\t<\/div>\n\t\t\t\t\t<\/div>\n\t\t\t\t<\/div>\n\t\t\t\t<\/div>\n\t\t","protected":false},"excerpt":{"rendered":"<p>Estudio de Tierras F\u00edsicasRealizamos estudios de electricidad est\u00e1tica conforme a la NOM-022-STPS-2015 para evaluar sistemas de tierras y continuidad, ayudando a prevenir descargas el\u00e9ctricas, proteger al personal y cumplir con la normativa vigente.Ver Acreditaci\u00f3n Estudio de Tierras F\u00edsicas conforme a la NOM-022-STPS-2015 La NOM-022-STPS-2015 establece las condiciones de seguridad para prevenir riesgos derivados de la &#8230; <a title=\"Estudio de Electricidad Est\u00e1tica NOM-022\" class=\"read-more\" href=\"https:\/\/ipsa-consorcio.com\/index.php\/nom-022-stps-2015\/\" aria-label=\"Leer m\u00e1s sobre Estudio de Electricidad Est\u00e1tica NOM-022\">Leer m\u00e1s<\/a><\/p>\n","protected":false},"author":1,"featured_media":0,"parent":0,"menu_order":0,"comment_status":"closed","ping_status":"closed","template":"","meta":{"footnotes":""},"class_list":["post-922","page","type-page","status-publish"],"_links":{"self":[{"href":"https:\/\/ipsa-consorcio.com\/index.php\/wp-json\/wp\/v2\/pages\/922","targetHints":{"allow":["GET"]}}],"collection":[{"href":"https:\/\/ipsa-consorcio.com\/index.php\/wp-json\/wp\/v2\/pages"}],"about":[{"href":"https:\/\/ipsa-consorcio.com\/index.php\/wp-json\/wp\/v2\/types\/page"}],"author":[{"embeddable":true,"href":"https:\/\/ipsa-consorcio.com\/index.php\/wp-json\/wp\/v2\/users\/1"}],"replies":[{"embeddable":true,"href":"https:\/\/ipsa-consorcio.com\/index.php\/wp-json\/wp\/v2\/comments?post=922"}],"version-history":[{"count":63,"href":"https:\/\/ipsa-consorcio.com\/index.php\/wp-json\/wp\/v2\/pages\/922\/revisions"}],"predecessor-version":[{"id":2496,"href":"https:\/\/ipsa-consorcio.com\/index.php\/wp-json\/wp\/v2\/pages\/922\/revisions\/2496"}],"wp:attachment":[{"href":"https:\/\/ipsa-consorcio.com\/index.php\/wp-json\/wp\/v2\/media?parent=922"}],"curies":[{"name":"wp","href":"https:\/\/api.w.org\/{rel}","templated":true}]}}